{"id":1171,"date":"2025-04-12T23:15:21","date_gmt":"2025-04-12T21:15:21","guid":{"rendered":"https:\/\/aec-energyservices.com\/our-services\/"},"modified":"2025-05-19T16:18:06","modified_gmt":"2025-05-19T14:18:06","slug":"our-services","status":"publish","type":"page","link":"https:\/\/aec-energyservices.com\/en\/our-services\/","title":{"rendered":"Our services"},"content":{"rendered":"<?xml encoding=\"UTF-8\"><p>[et_pb_section fb_built=&rdquo;1&Prime; _builder_version=&rdquo;4.27.4&Prime; _module_preset=&rdquo;default&rdquo; background_color=&rdquo;#123452&Prime; custom_padding=&rdquo;||110px||false|false&rdquo; da_disable_devices=&rdquo;off|off|off&rdquo; global_colors_info=&rdquo;{}&rdquo; da_is_popup=&rdquo;off&rdquo; da_exit_intent=&rdquo;off&rdquo; da_has_close=&rdquo;on&rdquo; da_alt_close=&rdquo;off&rdquo; da_dark_close=&rdquo;off&rdquo; da_not_modal=&rdquo;on&rdquo; da_is_singular=&rdquo;off&rdquo; da_with_loader=&rdquo;off&rdquo; da_has_shadow=&rdquo;on&rdquo;][et_pb_row _builder_version=&rdquo;4.27.4&Prime; _module_preset=&rdquo;default&rdquo; global_colors_info=&rdquo;{}&rdquo;][et_pb_column type=&rdquo;4_4&Prime; _builder_version=&rdquo;4.27.4&Prime; _module_preset=&rdquo;default&rdquo; global_colors_info=&rdquo;{}&rdquo;][et_pb_text _builder_version=&rdquo;4.27.4&Prime; _module_preset=&rdquo;default&rdquo; text_orientation=&rdquo;center&rdquo; background_layout=&rdquo;dark&rdquo; global_colors_info=&rdquo;{}&rdquo;]<\/p>\n<p><strong>AEC Energy Services offers you three distinct and complementary services, each designed to optimize the performance of your industrial electrical installations and improve production resilience.<\/strong><\/p>\n<p>Our solutions cover areas that are essential to meeting today&rsquo;s challenges: <strong>innovative technical and logistical solutions<\/strong>(both in terms of electrical equipment and services), expertise in <strong>decarbonization and self-consumption<\/strong> for a successful energy transition, and a range of <strong>team training<\/strong> courses to ensure efficient, sustainable management of your electrical systems.<\/p>\n<p>Each area is designed to enhance the performance, safety and durability of your facilities, while meeting the challenges of tomorrow.<\/p>\n<p>[\/et_pb_text][\/et_pb_column][\/et_pb_row][\/et_pb_section][et_pb_section fb_built=&rdquo;1&Prime; _builder_version=&rdquo;4.27.4&Prime; _module_preset=&rdquo;default&rdquo; custom_padding=&rdquo;0px||||false|false&rdquo; da_disable_devices=&rdquo;off|off|off&rdquo; global_colors_info=&rdquo;{}&rdquo; da_is_popup=&rdquo;off&rdquo; da_exit_intent=&rdquo;off&rdquo; da_has_close=&rdquo;on&rdquo; da_alt_close=&rdquo;off&rdquo; da_dark_close=&rdquo;off&rdquo; da_not_modal=&rdquo;on&rdquo; da_is_singular=&rdquo;off&rdquo; da_with_loader=&rdquo;off&rdquo; da_has_shadow=&rdquo;on&rdquo;][et_pb_row _builder_version=&rdquo;4.27.4&Prime; _module_preset=&rdquo;default&rdquo; custom_margin=&rdquo;||||false|false&rdquo; custom_padding=&rdquo;0px||||false|false&rdquo; global_colors_info=&rdquo;{}&rdquo;][et_pb_column type=&rdquo;4_4&Prime; _builder_version=&rdquo;4.27.4&Prime; _module_preset=&rdquo;default&rdquo; global_colors_info=&rdquo;{}&rdquo;][difl_advanced_blurb title=&rdquo;Technical and logistical solutions&rdquo; image=&rdquo;https:\/\/aec-energyservices.com\/wp-content\/uploads\/2025\/04\/AEC-Power.svg&rdquo; image_icon_container_position=&rdquo;outside&rdquo; _builder_version=&rdquo;4.27.4&Prime; _dynamic_attributes=&rdquo;link_option_url&rdquo; _module_preset=&rdquo;68495f44-e8a5-435d-929a-1117d552b107&Prime; custom_margin=&rdquo;-60px||40px||false|false&rdquo; link_option_url=&rdquo;@ET-DC@eyJkeW5hbWljIjp0cnVlLCJjb250ZW50IjoicG9zdF9saW5rX3VybF9wYWdlIiwic2V0dGluZ3MiOnsicG9zdF9pZCI6IjQ4MiIsImVuYWJsZV9odG1sIjoib2ZmIn19@&rdquo; global_colors_info=&rdquo;{}&rdquo;][\/difl_advanced_blurb][difl_advanced_blurb title=&rdquo;Decarbonation and self-consumption&rdquo; image=&rdquo;https:\/\/aec-energyservices.com\/wp-content\/uploads\/2025\/04\/AEC-Impact.svg&rdquo; image_icon_container_position=&rdquo;outside&rdquo; module_class=&rdquo;color-3&Prime; _builder_version=&rdquo;4.27.4&Prime; _dynamic_attributes=&rdquo;link_option_url&rdquo; _module_preset=&rdquo;68495f44-e8a5-435d-929a-1117d552b107&Prime; title_text_color=&rdquo;#12827C&rdquo; background_image=&rdquo;https:\/\/aec-energyservices.com\/wp-content\/uploads\/2025\/04\/aec-impact-decarbonation-et-autoconsommation.jpg&rdquo; custom_margin=&rdquo;||40px||false|false&rdquo; link_option_url=&rdquo;@ET-DC@eyJkeW5hbWljIjp0cnVlLCJjb250ZW50IjoicG9zdF9saW5rX3VybF9wYWdlIiwic2V0dGluZ3MiOnsicG9zdF9pZCI6IjUwNCIsImVuYWJsZV9odG1sIjoib2ZmIn19@&rdquo; global_colors_info=&rdquo;{}&rdquo;][\/difl_advanced_blurb][difl_advanced_blurb title=&rdquo;Training your teams&rdquo; image=&rdquo;https:\/\/aec-energyservices.com\/wp-content\/uploads\/2025\/04\/AEC-Academy.svg&rdquo; image_icon_container_position=&rdquo;outside&rdquo; module_class=&rdquo;color-4&Prime; _builder_version=&rdquo;4.27.4&Prime; _dynamic_attributes=&rdquo;link_option_url&rdquo; _module_preset=&rdquo;68495f44-e8a5-435d-929a-1117d552b107&Prime; title_text_color=&rdquo;#BB7E15&Prime; background_image=&rdquo;https:\/\/aec-energyservices.com\/wp-content\/uploads\/2025\/04\/aec-academy-formation-de-vos-equipes.jpg&rdquo; custom_margin=&rdquo;||40px||false|false&rdquo; link_option_url=&rdquo;@ET-DC@eyJkeW5hbWljIjp0cnVlLCJjb250ZW50IjoicG9zdF9saW5rX3VybF9wYWdlIiwic2V0dGluZ3MiOnsicG9zdF9pZCI6IjUxNCIsImVuYWJsZV9odG1sIjoib2ZmIn19@&rdquo; global_colors_info=&rdquo;{}&rdquo;][\/difl_advanced_blurb][\/et_pb_column][\/et_pb_row][\/et_pb_section]<\/p>\n","protected":false},"excerpt":{"rendered":"<p>AEC Energy Services offers you three distinct and complementary services, each designed to optimize the performance of your industrial electrical installations and improve production resilience. Our solutions cover areas that are essential to meeting today&#8217;s challenges: innovative technical and logistical solutions(both in terms of electrical equipment and services), expertise in decarbonization and self-consumption for a [&hellip;]<\/p>\n","protected":false},"author":1,"featured_media":996,"parent":0,"menu_order":3,"comment_status":"closed","ping_status":"closed","template":"","meta":{"_acf_changed":false,"_et_pb_use_builder":"on","_et_pb_old_content":"","_et_gb_content_width":"","footnotes":""},"class_list":["post-1171","page","type-page","status-publish","has-post-thumbnail","hentry"],"acf":[],"yoast_head":"<!-- This site is optimized with the Yoast SEO plugin v27.0 - https:\/\/yoast.com\/product\/yoast-seo-wordpress\/ -->\n<title>Our services - AEC Energy Services<\/title>\n<meta name=\"description\" content=\"AEC Energy Services offers three complementary solutions: AEC Power for industrial electrical installations, AEC Impact for energy efficiency, and AEC Academy for technical training.\" \/>\n<meta name=\"robots\" content=\"index, follow, max-snippet:-1, max-image-preview:large, max-video-preview:-1\" \/>\n<link rel=\"canonical\" href=\"https:\/\/aec-energyservices.com\/en\/our-services\/\" \/>\n<meta property=\"og:locale\" content=\"en_US\" \/>\n<meta property=\"og:type\" content=\"article\" \/>\n<meta property=\"og:title\" content=\"Our services - AEC Energy Services\" \/>\n<meta property=\"og:description\" content=\"AEC Energy Services offers three complementary solutions: AEC Power for industrial electrical installations, AEC Impact for energy efficiency, and AEC Academy for technical training.\" \/>\n<meta property=\"og:url\" content=\"https:\/\/aec-energyservices.com\/en\/our-services\/\" \/>\n<meta property=\"og:site_name\" content=\"AEC Energy Services\" \/>\n<meta property=\"article:modified_time\" content=\"2025-05-19T14:18:06+00:00\" \/>\n<meta property=\"og:image\" content=\"https:\/\/aec-energyservices.com\/wp-content\/uploads\/2025\/04\/banniere-nos-services.jpg\" \/>\n\t<meta property=\"og:image:width\" content=\"1920\" \/>\n\t<meta property=\"og:image:height\" content=\"330\" \/>\n\t<meta property=\"og:image:type\" content=\"image\/jpeg\" \/>\n<meta name=\"twitter:card\" content=\"summary_large_image\" \/>\n<meta name=\"twitter:label1\" content=\"Est. reading time\" \/>\n\t<meta name=\"twitter:data1\" content=\"2 minutes\" \/>\n<script type=\"application\/ld+json\" class=\"yoast-schema-graph\">{\"@context\":\"https:\/\/schema.org\",\"@graph\":[{\"@type\":\"WebPage\",\"@id\":\"https:\/\/aec-energyservices.com\/en\/our-services\/\",\"url\":\"https:\/\/aec-energyservices.com\/en\/our-services\/\",\"name\":\"Our services - AEC Energy Services\",\"isPartOf\":{\"@id\":\"https:\/\/aec-energyservices.com\/en\/#website\"},\"primaryImageOfPage\":{\"@id\":\"https:\/\/aec-energyservices.com\/en\/our-services\/#primaryimage\"},\"image\":{\"@id\":\"https:\/\/aec-energyservices.com\/en\/our-services\/#primaryimage\"},\"thumbnailUrl\":\"https:\/\/aec-energyservices.com\/wp-content\/uploads\/2025\/04\/banniere-nos-services.jpg\",\"datePublished\":\"2025-04-12T21:15:21+00:00\",\"dateModified\":\"2025-05-19T14:18:06+00:00\",\"description\":\"AEC Energy Services offers three complementary solutions: AEC Power for industrial electrical installations, AEC Impact for energy efficiency, and AEC Academy for technical training.\",\"breadcrumb\":{\"@id\":\"https:\/\/aec-energyservices.com\/en\/our-services\/#breadcrumb\"},\"inLanguage\":\"en-US\",\"potentialAction\":[{\"@type\":\"ReadAction\",\"target\":[\"https:\/\/aec-energyservices.com\/en\/our-services\/\"]}]},{\"@type\":\"ImageObject\",\"inLanguage\":\"en-US\",\"@id\":\"https:\/\/aec-energyservices.com\/en\/our-services\/#primaryimage\",\"url\":\"https:\/\/aec-energyservices.com\/wp-content\/uploads\/2025\/04\/banniere-nos-services.jpg\",\"contentUrl\":\"https:\/\/aec-energyservices.com\/wp-content\/uploads\/2025\/04\/banniere-nos-services.jpg\",\"width\":1920,\"height\":330,\"caption\":\"Presentation of AEC Energy Services' electrical installation, energy transition and training services\"},{\"@type\":\"BreadcrumbList\",\"@id\":\"https:\/\/aec-energyservices.com\/en\/our-services\/#breadcrumb\",\"itemListElement\":[{\"@type\":\"ListItem\",\"position\":1,\"name\":\"Accueil\",\"item\":\"https:\/\/aec-energyservices.com\/en\/\"},{\"@type\":\"ListItem\",\"position\":2,\"name\":\"Our services\"}]},{\"@type\":\"WebSite\",\"@id\":\"https:\/\/aec-energyservices.com\/en\/#website\",\"url\":\"https:\/\/aec-energyservices.com\/en\/\",\"name\":\"AEC Energy Services\",\"description\":\"Sp\u00e9cialiste en \u00e9lectricit\u00e9 industrielle - HT \/ BT\",\"publisher\":{\"@id\":\"https:\/\/aec-energyservices.com\/en\/#organization\"},\"alternateName\":\"AEC\",\"potentialAction\":[{\"@type\":\"SearchAction\",\"target\":{\"@type\":\"EntryPoint\",\"urlTemplate\":\"https:\/\/aec-energyservices.com\/en\/?s={search_term_string}\"},\"query-input\":{\"@type\":\"PropertyValueSpecification\",\"valueRequired\":true,\"valueName\":\"search_term_string\"}}],\"inLanguage\":\"en-US\"},{\"@type\":\"Organization\",\"@id\":\"https:\/\/aec-energyservices.com\/en\/#organization\",\"name\":\"AEC Energy Services\",\"alternateName\":\"AEC\",\"url\":\"https:\/\/aec-energyservices.com\/en\/\",\"logo\":{\"@type\":\"ImageObject\",\"inLanguage\":\"en-US\",\"@id\":\"https:\/\/aec-energyservices.com\/en\/#\/schema\/logo\/image\/\",\"url\":\"https:\/\/aec-energyservices.com\/wp-content\/uploads\/2025\/03\/Logo-AEC-couleurs.svg\",\"contentUrl\":\"https:\/\/aec-energyservices.com\/wp-content\/uploads\/2025\/03\/Logo-AEC-couleurs.svg\",\"width\":1,\"height\":1,\"caption\":\"AEC Energy Services\"},\"image\":{\"@id\":\"https:\/\/aec-energyservices.com\/en\/#\/schema\/logo\/image\/\"},\"sameAs\":[\"https:\/\/www.linkedin.com\/company\/aec-energy-services\/\"]}]}<\/script>\n<!-- \/ Yoast SEO plugin. -->","yoast_head_json":{"title":"Our services - AEC Energy Services","description":"AEC Energy Services offers three complementary solutions: AEC Power for industrial electrical installations, AEC Impact for energy efficiency, and AEC Academy for technical training.","robots":{"index":"index","follow":"follow","max-snippet":"max-snippet:-1","max-image-preview":"max-image-preview:large","max-video-preview":"max-video-preview:-1"},"canonical":"https:\/\/aec-energyservices.com\/en\/our-services\/","og_locale":"en_US","og_type":"article","og_title":"Our services - AEC Energy Services","og_description":"AEC Energy Services offers three complementary solutions: AEC Power for industrial electrical installations, AEC Impact for energy efficiency, and AEC Academy for technical training.","og_url":"https:\/\/aec-energyservices.com\/en\/our-services\/","og_site_name":"AEC Energy Services","article_modified_time":"2025-05-19T14:18:06+00:00","og_image":[{"width":1920,"height":330,"url":"https:\/\/aec-energyservices.com\/wp-content\/uploads\/2025\/04\/banniere-nos-services.jpg","type":"image\/jpeg"}],"twitter_card":"summary_large_image","twitter_misc":{"Est. reading time":"2 minutes"},"schema":{"@context":"https:\/\/schema.org","@graph":[{"@type":"WebPage","@id":"https:\/\/aec-energyservices.com\/en\/our-services\/","url":"https:\/\/aec-energyservices.com\/en\/our-services\/","name":"Our services - AEC Energy Services","isPartOf":{"@id":"https:\/\/aec-energyservices.com\/en\/#website"},"primaryImageOfPage":{"@id":"https:\/\/aec-energyservices.com\/en\/our-services\/#primaryimage"},"image":{"@id":"https:\/\/aec-energyservices.com\/en\/our-services\/#primaryimage"},"thumbnailUrl":"https:\/\/aec-energyservices.com\/wp-content\/uploads\/2025\/04\/banniere-nos-services.jpg","datePublished":"2025-04-12T21:15:21+00:00","dateModified":"2025-05-19T14:18:06+00:00","description":"AEC Energy Services offers three complementary solutions: AEC Power for industrial electrical installations, AEC Impact for energy efficiency, and AEC Academy for technical training.","breadcrumb":{"@id":"https:\/\/aec-energyservices.com\/en\/our-services\/#breadcrumb"},"inLanguage":"en-US","potentialAction":[{"@type":"ReadAction","target":["https:\/\/aec-energyservices.com\/en\/our-services\/"]}]},{"@type":"ImageObject","inLanguage":"en-US","@id":"https:\/\/aec-energyservices.com\/en\/our-services\/#primaryimage","url":"https:\/\/aec-energyservices.com\/wp-content\/uploads\/2025\/04\/banniere-nos-services.jpg","contentUrl":"https:\/\/aec-energyservices.com\/wp-content\/uploads\/2025\/04\/banniere-nos-services.jpg","width":1920,"height":330,"caption":"Presentation of AEC Energy Services' electrical installation, energy transition and training services"},{"@type":"BreadcrumbList","@id":"https:\/\/aec-energyservices.com\/en\/our-services\/#breadcrumb","itemListElement":[{"@type":"ListItem","position":1,"name":"Accueil","item":"https:\/\/aec-energyservices.com\/en\/"},{"@type":"ListItem","position":2,"name":"Our services"}]},{"@type":"WebSite","@id":"https:\/\/aec-energyservices.com\/en\/#website","url":"https:\/\/aec-energyservices.com\/en\/","name":"AEC Energy Services","description":"Sp\u00e9cialiste en \u00e9lectricit\u00e9 industrielle - HT \/ BT","publisher":{"@id":"https:\/\/aec-energyservices.com\/en\/#organization"},"alternateName":"AEC","potentialAction":[{"@type":"SearchAction","target":{"@type":"EntryPoint","urlTemplate":"https:\/\/aec-energyservices.com\/en\/?s={search_term_string}"},"query-input":{"@type":"PropertyValueSpecification","valueRequired":true,"valueName":"search_term_string"}}],"inLanguage":"en-US"},{"@type":"Organization","@id":"https:\/\/aec-energyservices.com\/en\/#organization","name":"AEC Energy Services","alternateName":"AEC","url":"https:\/\/aec-energyservices.com\/en\/","logo":{"@type":"ImageObject","inLanguage":"en-US","@id":"https:\/\/aec-energyservices.com\/en\/#\/schema\/logo\/image\/","url":"https:\/\/aec-energyservices.com\/wp-content\/uploads\/2025\/03\/Logo-AEC-couleurs.svg","contentUrl":"https:\/\/aec-energyservices.com\/wp-content\/uploads\/2025\/03\/Logo-AEC-couleurs.svg","width":1,"height":1,"caption":"AEC Energy Services"},"image":{"@id":"https:\/\/aec-energyservices.com\/en\/#\/schema\/logo\/image\/"},"sameAs":["https:\/\/www.linkedin.com\/company\/aec-energy-services\/"]}]}},"_links":{"self":[{"href":"https:\/\/aec-energyservices.com\/en\/wp-json\/wp\/v2\/pages\/1171","targetHints":{"allow":["GET"]}}],"collection":[{"href":"https:\/\/aec-energyservices.com\/en\/wp-json\/wp\/v2\/pages"}],"about":[{"href":"https:\/\/aec-energyservices.com\/en\/wp-json\/wp\/v2\/types\/page"}],"author":[{"embeddable":true,"href":"https:\/\/aec-energyservices.com\/en\/wp-json\/wp\/v2\/users\/1"}],"replies":[{"embeddable":true,"href":"https:\/\/aec-energyservices.com\/en\/wp-json\/wp\/v2\/comments?post=1171"}],"version-history":[{"count":3,"href":"https:\/\/aec-energyservices.com\/en\/wp-json\/wp\/v2\/pages\/1171\/revisions"}],"predecessor-version":[{"id":1326,"href":"https:\/\/aec-energyservices.com\/en\/wp-json\/wp\/v2\/pages\/1171\/revisions\/1326"}],"wp:featuredmedia":[{"embeddable":true,"href":"https:\/\/aec-energyservices.com\/en\/wp-json\/wp\/v2\/media\/996"}],"wp:attachment":[{"href":"https:\/\/aec-energyservices.com\/en\/wp-json\/wp\/v2\/media?parent=1171"}],"curies":[{"name":"wp","href":"https:\/\/api.w.org\/{rel}","templated":true}]}}