{"id":1158,"date":"2025-04-11T23:15:29","date_gmt":"2025-04-11T21:15:29","guid":{"rendered":"https:\/\/aec-energyservices.com\/recruitment\/"},"modified":"2025-05-19T16:42:24","modified_gmt":"2025-05-19T14:42:24","slug":"recruitment","status":"publish","type":"page","link":"https:\/\/aec-energyservices.com\/en\/recruitment\/","title":{"rendered":"Recruitment"},"content":{"rendered":"<?xml encoding=\"UTF-8\"><p>[et_pb_section fb_built=&rdquo;1&Prime; _builder_version=&rdquo;4.27.4&Prime; _module_preset=&rdquo;default&rdquo; da_disable_devices=&rdquo;off|off|off&rdquo; global_colors_info=&rdquo;{}&rdquo; da_is_popup=&rdquo;off&rdquo; da_exit_intent=&rdquo;off&rdquo; da_has_close=&rdquo;on&rdquo; da_alt_close=&rdquo;off&rdquo; da_dark_close=&rdquo;off&rdquo; da_not_modal=&rdquo;on&rdquo; da_is_singular=&rdquo;off&rdquo; da_with_loader=&rdquo;off&rdquo; da_has_shadow=&rdquo;on&rdquo;][et_pb_row _builder_version=&rdquo;4.27.4&Prime; _module_preset=&rdquo;default&rdquo; custom_padding=&rdquo;||0px||false|false&rdquo; global_colors_info=&rdquo;{}&rdquo;][et_pb_column type=&rdquo;4_4&Prime; _builder_version=&rdquo;4.27.4&Prime; _module_preset=&rdquo;default&rdquo; global_colors_info=&rdquo;{}&rdquo;][et_pb_text _builder_version=&rdquo;4.27.4&Prime; _module_preset=&rdquo;63fb4411-69c1-443d-80ba-db545dde7f34&Prime; header_2_text_color=&rdquo;#0086BE&rdquo; header_2_font_size=&rdquo;25px&rdquo; background_layout=&rdquo;light&rdquo; custom_margin=&rdquo;||0px||false|false&rdquo; header_2_font_size_last_edited=&rdquo;off|desktop&rdquo; global_colors_info=&rdquo;{}&rdquo;]<\/p>\n<h2>Our job offers<\/h2>\n<p>[\/et_pb_text][\/et_pb_column][\/et_pb_row][et_pb_row column_structure=&rdquo;1_2,1_2&Prime; _builder_version=&rdquo;4.27.4&Prime; _module_preset=&rdquo;default&rdquo; global_colors_info=&rdquo;{}&rdquo;][et_pb_column type=&rdquo;1_2&Prime; _builder_version=&rdquo;4.27.4&Prime; _module_preset=&rdquo;default&rdquo; global_colors_info=&rdquo;{}&rdquo;][difl_cptgrid post_type=&rdquo;offre-demploi&rdquo; posts_number=&rdquo;8&Prime; show_pagination=&rdquo;on&rdquo; use_number_pagination=&rdquo;on&rdquo; use_icon_only_at_pagination=&rdquo;on&rdquo; entire_item_clickable=&rdquo;on&rdquo; item_background_bgcolor=&rdquo;rgba(0,134,190,0.1)&rdquo; _builder_version=&rdquo;4.27.4&Prime; _module_preset=&rdquo;20336da2-1659-40d5-91e1-070157f8ae9c&rdquo; global_colors_info=&rdquo;{}&rdquo;][difl_cptitem type=&rdquo;title&rdquo; element_margin=&rdquo;8px||0px||false|false&rdquo; _builder_version=&rdquo;4.27.4&Prime; _module_preset=&rdquo;default&rdquo; body_font=&rdquo;|700||on|||||&rdquo; global_colors_info=&rdquo;{}&rdquo;][\/difl_cptitem][difl_cptitem type=&rdquo;divider&rdquo; element_margin=&rdquo;0px||0px||false|false&rdquo; _builder_version=&rdquo;4.27.4&Prime; _module_preset=&rdquo;default&rdquo; global_colors_info=&rdquo;{}&rdquo;][\/difl_cptitem][difl_cptitem type=&rdquo;acf_fields&rdquo; post_type_for_acf=&rdquo;offre-demploi&rdquo; offre-demploi=&rdquo;date_de_demarrage&rdquo; use_icon=&rdquo;on&rdquo; font_icon=&rdquo;&#61463;||fa||400&Prime; _builder_version=&rdquo;4.27.4&Prime; _module_preset=&rdquo;default&rdquo; global_colors_info=&rdquo;{}&rdquo;][\/difl_cptitem][difl_cptitem type=&rdquo;acf_fields&rdquo; post_type_for_acf=&rdquo;offre-demploi&rdquo; offre-demploi=&rdquo;localisation&rdquo; use_icon=&rdquo;on&rdquo; font_icon=&rdquo;&#57373;||divi||400&Prime; _builder_version=&rdquo;4.27.4&Prime; _module_preset=&rdquo;default&rdquo; global_colors_info=&rdquo;{}&rdquo;][\/difl_cptitem][difl_cptitem type=&rdquo;button&rdquo; read_more_text=&rdquo;Apply now&rdquo; element_margin=&rdquo;12px||||false|false&rdquo; _builder_version=&rdquo;4.27.4&Prime; _module_preset=&rdquo;default&rdquo; custom_css_free_form=&rdquo;selector .df-cpt-read-more{||  background:var(&ndash;color-2);||  display:inline-block;||  border-radius:20px;||  padding:5px 15px;||  text-transform:uppercase;||  font-size:15px;||  color:#fff;||  font-weight:500;||}&rdquo; global_colors_info=&rdquo;{}&rdquo;][\/difl_cptitem][\/difl_cptgrid][\/et_pb_column][et_pb_column type=&rdquo;1_2&Prime; _builder_version=&rdquo;4.27.4&Prime; _module_preset=&rdquo;default&rdquo; background_color=&rdquo;rgba(39,44,90,0.1)&rdquo; custom_padding=&rdquo;30px|30px|30px|30px|true|true&rdquo; global_colors_info=&rdquo;{}&rdquo;][et_pb_text module_class=&rdquo;color-1&Prime; _builder_version=&rdquo;4.27.4&Prime; _module_preset=&rdquo;63fb4411-69c1-443d-80ba-db545dde7f34&Prime; header_2_font_size=&rdquo;25px&rdquo; background_layout=&rdquo;light&rdquo; custom_margin=&rdquo;||0px||false|false&rdquo; header_2_font_size_last_edited=&rdquo;off|desktop&rdquo; global_colors_info=&rdquo;{}&rdquo;]<\/p>\n<h2>Unsolicited application<\/h2>\n<p>[\/et_pb_text][difl_cfseven cf7_forms=&rdquo;378&Prime; _builder_version=&rdquo;4.27.4&Prime; _module_preset=&rdquo;default&rdquo; custom_css_after=&rdquo;content:%22* champ obligatoire%22;||font-size:12px;||margin-top:20px;||color:#666;||display:inline-block;||font-style:italic;&rdquo; custom_css_free_form=&rdquo;selector .wpcf7-acceptance .wpcf7-list-item-label a{||  color: var(&ndash;color-1) !important;||  text-decoration:underline;||}||selector .wpcf7-acceptance .wpcf7-list-item-label{||\tfont-size:13px;||  line-height:1em;||}||selector .wpcf7-acceptance{||  margin:10px 0 20px;||  display:block;||}||selector .wpcf7-form-control.wpcf7-textarea{||  height:140px;||}||selector ul{||  padding: 0 0 0 1em;||}||selector .wpcf7-submit{||  background:var(&ndash;color-2);||  padding:10px 20px;||}&rdquo; global_colors_info=&rdquo;{}&rdquo;][\/difl_cfseven][\/et_pb_column][\/et_pb_row][\/et_pb_section]<\/p>\n","protected":false},"excerpt":{"rendered":"<p>Our job offers<div class=\"et_pb_with_border et_pb_module difl_cptgrid difl_cptgrid_0\">\n\t\t\t\t\n\t\t\t\t\n\t\t\t\t\n\t\t\t\t\n\t\t\t\t\n\t\t\t\t\n\t\t\t\t<div class=\"et_pb_module_inner\">\n\t\t\t\t\t<div class=\"df_cptgrid_container et_pb_ajax_pagination_container\" data-settings='{\"layout\":\"grid\",\"on_scroll_load\":\"off\",\"use_current_loop\":\"off\",\"post_type\":\"offre-demploi\",\"posts_number\":\"8\",\"post_display\":\"recent\",\"orderby\":\"1\",\"offset_number\":\"0\",\"use_image_as_background\":\"off\",\"use_background_scale\":\"off\",\"equal_height\":\"on\",\"entire_item_clickable\":\"on\",\"taxonomy_values\":null,\"selected_terms\":\"\",\"selected_taxonomy\":\"select_tax\",\"df_cpt_items\":null,\"df_cpt_items_outside\":null,\"loader\":{\"status\":\"off\",\"color\":\"#284cc1\",\"size\":\"10px\",\"type\":\"classic\",\"background\":\"#ADD8E6\",\"alignment\":\"center\",\"margin\":[\"\"]}}'><\/div>\n\t\t\t\t<\/div>\n\t\t\t<\/div><div class=\"et_pb_module difl_cptitem difl_cptitem_0\">\n\t\t\t\t\n\t\t\t\t\n\t\t\t\t\n\t\t\t\t\n\t\t\t\t\n\t\t\t\t\n\t\t\t\t<div class=\"et_pb_module_inner\">\n\t\t\t\t\t\n\t\t\t\t<\/div>\n\t\t\t<\/div><div class=\"et_pb_module difl_cptitem difl_cptitem_1\">\n\t\t\t\t\n\t\t\t\t\n\t\t\t\t\n\t\t\t\t\n\t\t\t\t\n\t\t\t\t\n\t\t\t\t<div class=\"et_pb_module_inner\">\n\t\t\t\t\t\n\t\t\t\t<\/div>\n\t\t\t<\/div><div class=\"et_pb_module difl_cptitem difl_cptitem_2\">\n\t\t\t\t\n\t\t\t\t\n\t\t\t\t\n\t\t\t\t\n\t\t\t\t\n\t\t\t\t\n\t\t\t\t<div class=\"et_pb_module_inner\">\n\t\t\t\t\t\n\t\t\t\t<\/div>\n\t\t\t<\/div><div class=\"et_pb_module difl_cptitem difl_cptitem_3\">\n\t\t\t\t\n\t\t\t\t\n\t\t\t\t\n\t\t\t\t\n\t\t\t\t\n\t\t\t\t\n\t\t\t\t<div class=\"et_pb_module_inner\">\n\t\t\t\t\t\n\t\t\t\t<\/div>\n\t\t\t<\/div><div class=\"et_pb_module difl_cptitem difl_cptitem_4\">\n\t\t\t\t\n\t\t\t\t\n\t\t\t\t\n\t\t\t\t\n\t\t\t\t\n\t\t\t\t\n\t\t\t\t<div class=\"et_pb_module_inner\">\n\t\t\t\t\t\n\t\t\t\t<\/div>\n\t\t\t<\/div><\/p>\n","protected":false},"author":1,"featured_media":1032,"parent":0,"menu_order":24,"comment_status":"closed","ping_status":"closed","template":"","meta":{"_acf_changed":false,"_et_pb_use_builder":"on","_et_pb_old_content":"","_et_gb_content_width":"","footnotes":""},"class_list":["post-1158","page","type-page","status-publish","has-post-thumbnail","hentry"],"acf":[],"yoast_head":"<!-- This site is optimized with the Yoast SEO plugin v27.0 - https:\/\/yoast.com\/product\/yoast-seo-wordpress\/ -->\n<title>Recruitment - AEC Energy Services<\/title>\n<meta name=\"description\" content=\"Join AEC Energy Services! Explore our job openings in the electrical industry and contribute to innovative, sustainable projects.\" \/>\n<meta name=\"robots\" content=\"index, follow, max-snippet:-1, max-image-preview:large, max-video-preview:-1\" \/>\n<link rel=\"canonical\" href=\"https:\/\/aec-energyservices.com\/en\/recruitment\/\" \/>\n<meta property=\"og:locale\" content=\"en_US\" \/>\n<meta property=\"og:type\" content=\"article\" \/>\n<meta property=\"og:title\" content=\"Recruitment - AEC Energy Services\" \/>\n<meta property=\"og:description\" content=\"Join AEC Energy Services! Explore our job openings in the electrical industry and contribute to innovative, sustainable projects.\" \/>\n<meta property=\"og:url\" content=\"https:\/\/aec-energyservices.com\/en\/recruitment\/\" \/>\n<meta property=\"og:site_name\" content=\"AEC Energy Services\" \/>\n<meta property=\"article:modified_time\" content=\"2025-05-19T14:42:24+00:00\" \/>\n<meta property=\"og:image\" content=\"https:\/\/aec-energyservices.com\/wp-content\/uploads\/2025\/04\/banniere-recrutement-3.jpg\" \/>\n\t<meta property=\"og:image:width\" content=\"1920\" \/>\n\t<meta property=\"og:image:height\" content=\"330\" \/>\n\t<meta property=\"og:image:type\" content=\"image\/jpeg\" \/>\n<meta name=\"twitter:card\" content=\"summary_large_image\" \/>\n<meta name=\"twitter:label1\" content=\"Est. reading time\" \/>\n\t<meta name=\"twitter:data1\" content=\"1 minute\" \/>\n<script type=\"application\/ld+json\" class=\"yoast-schema-graph\">{\"@context\":\"https:\/\/schema.org\",\"@graph\":[{\"@type\":\"WebPage\",\"@id\":\"https:\/\/aec-energyservices.com\/en\/recruitment\/\",\"url\":\"https:\/\/aec-energyservices.com\/en\/recruitment\/\",\"name\":\"Recruitment - AEC Energy Services\",\"isPartOf\":{\"@id\":\"https:\/\/aec-energyservices.com\/en\/#website\"},\"primaryImageOfPage\":{\"@id\":\"https:\/\/aec-energyservices.com\/en\/recruitment\/#primaryimage\"},\"image\":{\"@id\":\"https:\/\/aec-energyservices.com\/en\/recruitment\/#primaryimage\"},\"thumbnailUrl\":\"https:\/\/aec-energyservices.com\/wp-content\/uploads\/2025\/04\/banniere-recrutement-3.jpg\",\"datePublished\":\"2025-04-11T21:15:29+00:00\",\"dateModified\":\"2025-05-19T14:42:24+00:00\",\"description\":\"Join AEC Energy Services! Explore our job openings in the electrical industry and contribute to innovative, sustainable projects.\",\"breadcrumb\":{\"@id\":\"https:\/\/aec-energyservices.com\/en\/recruitment\/#breadcrumb\"},\"inLanguage\":\"en-US\",\"potentialAction\":[{\"@type\":\"ReadAction\",\"target\":[\"https:\/\/aec-energyservices.com\/en\/recruitment\/\"]}]},{\"@type\":\"ImageObject\",\"inLanguage\":\"en-US\",\"@id\":\"https:\/\/aec-energyservices.com\/en\/recruitment\/#primaryimage\",\"url\":\"https:\/\/aec-energyservices.com\/wp-content\/uploads\/2025\/04\/banniere-recrutement-3.jpg\",\"contentUrl\":\"https:\/\/aec-energyservices.com\/wp-content\/uploads\/2025\/04\/banniere-recrutement-3.jpg\",\"width\":1920,\"height\":330,\"caption\":\"Recruitment opportunities at AEC Energy Services in the industrial electrical solutions sector\"},{\"@type\":\"BreadcrumbList\",\"@id\":\"https:\/\/aec-energyservices.com\/en\/recruitment\/#breadcrumb\",\"itemListElement\":[{\"@type\":\"ListItem\",\"position\":1,\"name\":\"Accueil\",\"item\":\"https:\/\/aec-energyservices.com\/en\/\"},{\"@type\":\"ListItem\",\"position\":2,\"name\":\"Recruitment\"}]},{\"@type\":\"WebSite\",\"@id\":\"https:\/\/aec-energyservices.com\/en\/#website\",\"url\":\"https:\/\/aec-energyservices.com\/en\/\",\"name\":\"AEC Energy Services\",\"description\":\"Sp\u00e9cialiste en \u00e9lectricit\u00e9 industrielle - HT \/ BT\",\"publisher\":{\"@id\":\"https:\/\/aec-energyservices.com\/en\/#organization\"},\"alternateName\":\"AEC\",\"potentialAction\":[{\"@type\":\"SearchAction\",\"target\":{\"@type\":\"EntryPoint\",\"urlTemplate\":\"https:\/\/aec-energyservices.com\/en\/?s={search_term_string}\"},\"query-input\":{\"@type\":\"PropertyValueSpecification\",\"valueRequired\":true,\"valueName\":\"search_term_string\"}}],\"inLanguage\":\"en-US\"},{\"@type\":\"Organization\",\"@id\":\"https:\/\/aec-energyservices.com\/en\/#organization\",\"name\":\"AEC Energy Services\",\"alternateName\":\"AEC\",\"url\":\"https:\/\/aec-energyservices.com\/en\/\",\"logo\":{\"@type\":\"ImageObject\",\"inLanguage\":\"en-US\",\"@id\":\"https:\/\/aec-energyservices.com\/en\/#\/schema\/logo\/image\/\",\"url\":\"https:\/\/aec-energyservices.com\/wp-content\/uploads\/2025\/03\/Logo-AEC-couleurs.svg\",\"contentUrl\":\"https:\/\/aec-energyservices.com\/wp-content\/uploads\/2025\/03\/Logo-AEC-couleurs.svg\",\"width\":1,\"height\":1,\"caption\":\"AEC Energy Services\"},\"image\":{\"@id\":\"https:\/\/aec-energyservices.com\/en\/#\/schema\/logo\/image\/\"},\"sameAs\":[\"https:\/\/www.linkedin.com\/company\/aec-energy-services\/\"]}]}<\/script>\n<!-- \/ Yoast SEO plugin. -->","yoast_head_json":{"title":"Recruitment - AEC Energy Services","description":"Join AEC Energy Services! Explore our job openings in the electrical industry and contribute to innovative, sustainable projects.","robots":{"index":"index","follow":"follow","max-snippet":"max-snippet:-1","max-image-preview":"max-image-preview:large","max-video-preview":"max-video-preview:-1"},"canonical":"https:\/\/aec-energyservices.com\/en\/recruitment\/","og_locale":"en_US","og_type":"article","og_title":"Recruitment - AEC Energy Services","og_description":"Join AEC Energy Services! Explore our job openings in the electrical industry and contribute to innovative, sustainable projects.","og_url":"https:\/\/aec-energyservices.com\/en\/recruitment\/","og_site_name":"AEC Energy Services","article_modified_time":"2025-05-19T14:42:24+00:00","og_image":[{"width":1920,"height":330,"url":"https:\/\/aec-energyservices.com\/wp-content\/uploads\/2025\/04\/banniere-recrutement-3.jpg","type":"image\/jpeg"}],"twitter_card":"summary_large_image","twitter_misc":{"Est. reading time":"1 minute"},"schema":{"@context":"https:\/\/schema.org","@graph":[{"@type":"WebPage","@id":"https:\/\/aec-energyservices.com\/en\/recruitment\/","url":"https:\/\/aec-energyservices.com\/en\/recruitment\/","name":"Recruitment - AEC Energy Services","isPartOf":{"@id":"https:\/\/aec-energyservices.com\/en\/#website"},"primaryImageOfPage":{"@id":"https:\/\/aec-energyservices.com\/en\/recruitment\/#primaryimage"},"image":{"@id":"https:\/\/aec-energyservices.com\/en\/recruitment\/#primaryimage"},"thumbnailUrl":"https:\/\/aec-energyservices.com\/wp-content\/uploads\/2025\/04\/banniere-recrutement-3.jpg","datePublished":"2025-04-11T21:15:29+00:00","dateModified":"2025-05-19T14:42:24+00:00","description":"Join AEC Energy Services! Explore our job openings in the electrical industry and contribute to innovative, sustainable projects.","breadcrumb":{"@id":"https:\/\/aec-energyservices.com\/en\/recruitment\/#breadcrumb"},"inLanguage":"en-US","potentialAction":[{"@type":"ReadAction","target":["https:\/\/aec-energyservices.com\/en\/recruitment\/"]}]},{"@type":"ImageObject","inLanguage":"en-US","@id":"https:\/\/aec-energyservices.com\/en\/recruitment\/#primaryimage","url":"https:\/\/aec-energyservices.com\/wp-content\/uploads\/2025\/04\/banniere-recrutement-3.jpg","contentUrl":"https:\/\/aec-energyservices.com\/wp-content\/uploads\/2025\/04\/banniere-recrutement-3.jpg","width":1920,"height":330,"caption":"Recruitment opportunities at AEC Energy Services in the industrial electrical solutions sector"},{"@type":"BreadcrumbList","@id":"https:\/\/aec-energyservices.com\/en\/recruitment\/#breadcrumb","itemListElement":[{"@type":"ListItem","position":1,"name":"Accueil","item":"https:\/\/aec-energyservices.com\/en\/"},{"@type":"ListItem","position":2,"name":"Recruitment"}]},{"@type":"WebSite","@id":"https:\/\/aec-energyservices.com\/en\/#website","url":"https:\/\/aec-energyservices.com\/en\/","name":"AEC Energy Services","description":"Sp\u00e9cialiste en \u00e9lectricit\u00e9 industrielle - HT \/ BT","publisher":{"@id":"https:\/\/aec-energyservices.com\/en\/#organization"},"alternateName":"AEC","potentialAction":[{"@type":"SearchAction","target":{"@type":"EntryPoint","urlTemplate":"https:\/\/aec-energyservices.com\/en\/?s={search_term_string}"},"query-input":{"@type":"PropertyValueSpecification","valueRequired":true,"valueName":"search_term_string"}}],"inLanguage":"en-US"},{"@type":"Organization","@id":"https:\/\/aec-energyservices.com\/en\/#organization","name":"AEC Energy Services","alternateName":"AEC","url":"https:\/\/aec-energyservices.com\/en\/","logo":{"@type":"ImageObject","inLanguage":"en-US","@id":"https:\/\/aec-energyservices.com\/en\/#\/schema\/logo\/image\/","url":"https:\/\/aec-energyservices.com\/wp-content\/uploads\/2025\/03\/Logo-AEC-couleurs.svg","contentUrl":"https:\/\/aec-energyservices.com\/wp-content\/uploads\/2025\/03\/Logo-AEC-couleurs.svg","width":1,"height":1,"caption":"AEC Energy Services"},"image":{"@id":"https:\/\/aec-energyservices.com\/en\/#\/schema\/logo\/image\/"},"sameAs":["https:\/\/www.linkedin.com\/company\/aec-energy-services\/"]}]}},"_links":{"self":[{"href":"https:\/\/aec-energyservices.com\/en\/wp-json\/wp\/v2\/pages\/1158","targetHints":{"allow":["GET"]}}],"collection":[{"href":"https:\/\/aec-energyservices.com\/en\/wp-json\/wp\/v2\/pages"}],"about":[{"href":"https:\/\/aec-energyservices.com\/en\/wp-json\/wp\/v2\/types\/page"}],"author":[{"embeddable":true,"href":"https:\/\/aec-energyservices.com\/en\/wp-json\/wp\/v2\/users\/1"}],"replies":[{"embeddable":true,"href":"https:\/\/aec-energyservices.com\/en\/wp-json\/wp\/v2\/comments?post=1158"}],"version-history":[{"count":5,"href":"https:\/\/aec-energyservices.com\/en\/wp-json\/wp\/v2\/pages\/1158\/revisions"}],"predecessor-version":[{"id":1324,"href":"https:\/\/aec-energyservices.com\/en\/wp-json\/wp\/v2\/pages\/1158\/revisions\/1324"}],"wp:featuredmedia":[{"embeddable":true,"href":"https:\/\/aec-energyservices.com\/en\/wp-json\/wp\/v2\/media\/1032"}],"wp:attachment":[{"href":"https:\/\/aec-energyservices.com\/en\/wp-json\/wp\/v2\/media?parent=1158"}],"curies":[{"name":"wp","href":"https:\/\/api.w.org\/{rel}","templated":true}]}}