{"id":1154,"date":"2025-04-12T22:40:05","date_gmt":"2025-04-12T20:40:05","guid":{"rendered":"https:\/\/aec-energyservices.com\/news\/"},"modified":"2025-05-19T16:43:38","modified_gmt":"2025-05-19T14:43:38","slug":"news","status":"publish","type":"page","link":"https:\/\/aec-energyservices.com\/en\/news\/","title":{"rendered":"News"},"content":{"rendered":"<?xml encoding=\"UTF-8\"><p>[et_pb_section fb_built=&rdquo;1&Prime; _builder_version=&rdquo;4.27.4&Prime; _module_preset=&rdquo;default&rdquo; da_disable_devices=&rdquo;off|off|off&rdquo; global_colors_info=&rdquo;{}&rdquo; da_is_popup=&rdquo;off&rdquo; da_exit_intent=&rdquo;off&rdquo; da_has_close=&rdquo;on&rdquo; da_alt_close=&rdquo;off&rdquo; da_dark_close=&rdquo;off&rdquo; da_not_modal=&rdquo;on&rdquo; da_is_singular=&rdquo;off&rdquo; da_with_loader=&rdquo;off&rdquo; da_has_shadow=&rdquo;on&rdquo;][et_pb_row _builder_version=&rdquo;4.27.4&Prime; _module_preset=&rdquo;default&rdquo; global_colors_info=&rdquo;{}&rdquo;][et_pb_column type=&rdquo;4_4&Prime; _builder_version=&rdquo;4.27.4&Prime; _module_preset=&rdquo;default&rdquo; global_colors_info=&rdquo;{}&rdquo;][difl_postgrid posts_number=&rdquo;10&Prime; _builder_version=&rdquo;4.27.4&Prime; _module_preset=&rdquo;default&rdquo; global_colors_info=&rdquo;{}&rdquo;][difl_postitem type=&rdquo;title&rdquo; title_tag=&rdquo;h3&Prime; element_padding=&rdquo;25px|20px||20px|false|true&rdquo; _builder_version=&rdquo;4.27.4&Prime; _module_preset=&rdquo;default&rdquo; post_font_style_font=&rdquo;|||on|||||&rdquo; post_font_style_text_align=&rdquo;center&rdquo; post_font_style_text_color=&rdquo;#272C5A&rdquo; post_font_style_font_size=&rdquo;22px&rdquo; global_colors_info=&rdquo;{}&rdquo;][\/difl_postitem][difl_postitem type=&rdquo;date&rdquo; date_format=&rdquo;j M Y&rdquo; meta_display=&rdquo;block&rdquo; element_padding=&rdquo;|20px|10px|20px|false|true&rdquo; _builder_version=&rdquo;4.27.4&Prime; _module_preset=&rdquo;default&rdquo; text_orientation=&rdquo;center&rdquo; global_colors_info=&rdquo;{}&rdquo;][\/difl_postitem][\/difl_postgrid][\/et_pb_column][\/et_pb_row][\/et_pb_section]<\/p>\n","protected":false},"excerpt":{"rendered":"<div class=\"et_pb_module difl_postgrid difl_postgrid_0\">\n\t\t\t\t\n\t\t\t\t\n\t\t\t\t\n\t\t\t\t\n\t\t\t\t\n\t\t\t\t\n\t\t\t\t<div class=\"et_pb_module_inner\">\n\t\t\t\t\t<div class=\"df_postgrid_container et_pb_ajax_pagination_container\" data-settings='{\"layout\":\"grid\"}'><div class=\"df-posts-wrap layout-grid\">                <article id=\"post-1714\" class=\"df-post-item v2 df-equal-height post-1714 post type-post status-publish format-standard has-post-thumbnail hentry category-news\">\r\n                    <div class=\"df-post-outer-wrap df-hover-trigger\" style=\"background-image:url(https:\/\/aec-energyservices.com\/wp-content\/uploads\/2025\/08\/transformateur_industriel_aec_energy_services.jpg); \r\n            background-size: cover; \r\n            background-repeat: no-repeat;\r\n            background-position: center;\r\n            background-origin: border-box;\">\r\n                                                <div class=\"df-post-inner-wrap\">\r\n                            <div class=\"df-item-wrap df-post-title-wrap difl_postitem_0 \">\r\n            \r\n            <h3 class=\"df-post-title\">\r\n                <a href=\"https:\/\/aec-energyservices.com\/en\/understanding-the-costs-of-an-industrial-transformer\/\">\r\n                    Understanding the costs of an industrial transformer\r\n                <\/a>\r\n            <\/h3>     \r\n        <\/div><span class=\"df-item-wrap df-post-date-wrap difl_postitem_1 \">   14 Aug 2025  <\/span>                        <\/div>\r\n                    <\/div>\r\n                <\/article>\r\n                                <article id=\"post-1704\" class=\"df-post-item v2 df-equal-height post-1704 post type-post status-publish format-standard has-post-thumbnail hentry category-news\">\r\n                    <div class=\"df-post-outer-wrap df-hover-trigger\" style=\"background-image:url(https:\/\/aec-energyservices.com\/wp-content\/uploads\/2025\/07\/aec-energy-services-integrateur-de-solutions-d-electricite-industrielle-tableau-compact-monobloc-et-extensible-24kv-marque-schneider-electric.jpg); \r\n            background-size: cover; \r\n            background-repeat: no-repeat;\r\n            background-position: center;\r\n            background-origin: border-box;\">\r\n                                                <div class=\"df-post-inner-wrap\">\r\n                            <div class=\"df-item-wrap df-post-title-wrap difl_postitem_0 \">\r\n            \r\n            <h3 class=\"df-post-title\">\r\n                <a href=\"https:\/\/aec-energyservices.com\/en\/safety-reliability-and-performance-for-the-oil-industry-in-gabon-discover-schneider-electrics-rm6\/\">\r\n                    Safety, Reliability, and Performance for the Oil Industry in Gabon: Discover Schneider Electric&#8217;s RM6\r\n                <\/a>\r\n            <\/h3>     \r\n        <\/div><span class=\"df-item-wrap df-post-date-wrap difl_postitem_1 \">   25 Jul 2025  <\/span>                        <\/div>\r\n                    <\/div>\r\n                <\/article>\r\n                                <article id=\"post-1640\" class=\"df-post-item v2 df-equal-height post-1640 post type-post status-publish format-standard has-post-thumbnail hentry category-news\">\r\n                    <div class=\"df-post-outer-wrap df-hover-trigger\" style=\"background-image:url(https:\/\/aec-energyservices.com\/wp-content\/uploads\/2025\/07\/10-scaled.jpg); \r\n            background-size: cover; \r\n            background-repeat: no-repeat;\r\n            background-position: center;\r\n            background-origin: border-box;\">\r\n                                                <div class=\"df-post-inner-wrap\">\r\n                            <div class=\"df-item-wrap df-post-title-wrap difl_postitem_0 \">\r\n            \r\n            <h3 class=\"df-post-title\">\r\n                <a href=\"https:\/\/aec-energyservices.com\/en\/quality-speed-reliability-the-recipe-for-a-successful-order-in-the-oil-industry\/\">\r\n                    Quality, speed, reliability: the recipe for a successful order in the oil industry\r\n                <\/a>\r\n            <\/h3>     \r\n        <\/div><span class=\"df-item-wrap df-post-date-wrap difl_postitem_1 \">   4 Jul 2025  <\/span>                        <\/div>\r\n                    <\/div>\r\n                <\/article>\r\n                                <article id=\"post-1605\" class=\"df-post-item v2 df-equal-height post-1605 post type-post status-publish format-standard has-post-thumbnail hentry category-news\">\r\n                    <div class=\"df-post-outer-wrap df-hover-trigger\" style=\"background-image:url(https:\/\/aec-energyservices.com\/wp-content\/uploads\/2025\/06\/aec_energ_services_intervient_au_gabon_pour_un_client_petrolier_pour_un_audit_de_cellules_abb.png); \r\n            background-size: cover; \r\n            background-repeat: no-repeat;\r\n            background-position: center;\r\n            background-origin: border-box;\">\r\n                                                <div class=\"df-post-inner-wrap\">\r\n                            <div class=\"df-item-wrap df-post-title-wrap difl_postitem_0 \">\r\n            \r\n            <h3 class=\"df-post-title\">\r\n                <a href=\"https:\/\/aec-energyservices.com\/en\/abb-cell-audit-multi-site-mission-for-an-oil-industry-player-in-gabon\/\">\r\n                    ABB Switchgear Audit: Multi-Site Mission for an Oil &#038; Gas Operator in Gabon\r\n                <\/a>\r\n            <\/h3>     \r\n        <\/div><span class=\"df-item-wrap df-post-date-wrap difl_postitem_1 \">   19 Jun 2025  <\/span>                        <\/div>\r\n                    <\/div>\r\n                <\/article>\r\n                                <article id=\"post-1587\" class=\"df-post-item v2 df-equal-height post-1587 post type-post status-publish format-standard has-post-thumbnail hentry category-news\">\r\n                    <div class=\"df-post-outer-wrap df-hover-trigger\" style=\"background-image:url(https:\/\/aec-energyservices.com\/wp-content\/uploads\/2025\/06\/audit_foudre_effectue_par_l_equipe_d_a_e_c_energy_services_integrateur_de_solutions_energetiques_industrielles-scaled.jpg); \r\n            background-size: cover; \r\n            background-repeat: no-repeat;\r\n            background-position: center;\r\n            background-origin: border-box;\">\r\n                                                <div class=\"df-post-inner-wrap\">\r\n                            <div class=\"df-item-wrap df-post-title-wrap difl_postitem_0 \">\r\n            \r\n            <h3 class=\"df-post-title\">\r\n                <a href=\"https:\/\/aec-energyservices.com\/en\/lightning-audit-in-west-africa-securing-industrial-infrastructures-with-expertise\/\">\r\n                    Lightning audit in West Africa: Securing industrial infrastructures with expertise.\r\n                <\/a>\r\n            <\/h3>     \r\n        <\/div><span class=\"df-item-wrap df-post-date-wrap difl_postitem_1 \">   10 Jun 2025  <\/span>                        <\/div>\r\n                    <\/div>\r\n                <\/article>\r\n                <\/div><div class=\"df-pagination pagination clearfix\"><\/div><\/div>\n\t\t\t\t<\/div>\n\t\t\t<\/div>\n","protected":false},"author":1,"featured_media":1029,"parent":0,"menu_order":18,"comment_status":"closed","ping_status":"closed","template":"","meta":{"_acf_changed":false,"_et_pb_use_builder":"on","_et_pb_old_content":"","_et_gb_content_width":"","footnotes":""},"class_list":["post-1154","page","type-page","status-publish","has-post-thumbnail","hentry"],"acf":[],"yoast_head":"<!-- This site is optimized with the Yoast SEO plugin v27.0 - https:\/\/yoast.com\/product\/yoast-seo-wordpress\/ -->\n<title>News - AEC Energy Services<\/title>\n<meta name=\"description\" content=\"Follow the latest news from AEC Energy Services: innovations, projects, events, and commitments in sustainable electrical solutions.\" \/>\n<meta name=\"robots\" content=\"index, follow, max-snippet:-1, max-image-preview:large, max-video-preview:-1\" \/>\n<link rel=\"canonical\" href=\"https:\/\/aec-energyservices.com\/en\/news\/\" \/>\n<meta property=\"og:locale\" content=\"en_US\" \/>\n<meta property=\"og:type\" content=\"article\" \/>\n<meta property=\"og:title\" content=\"News - AEC Energy Services\" \/>\n<meta property=\"og:description\" content=\"Follow the latest news from AEC Energy Services: innovations, projects, events, and commitments in sustainable electrical solutions.\" \/>\n<meta property=\"og:url\" content=\"https:\/\/aec-energyservices.com\/en\/news\/\" \/>\n<meta property=\"og:site_name\" content=\"AEC Energy Services\" \/>\n<meta property=\"article:modified_time\" content=\"2025-05-19T14:43:38+00:00\" \/>\n<meta property=\"og:image\" content=\"https:\/\/aec-energyservices.com\/wp-content\/uploads\/2025\/04\/banniere-nos-actus.jpg\" \/>\n\t<meta property=\"og:image:width\" content=\"1920\" \/>\n\t<meta property=\"og:image:height\" content=\"807\" \/>\n\t<meta property=\"og:image:type\" content=\"image\/jpeg\" \/>\n<meta name=\"twitter:card\" content=\"summary_large_image\" \/>\n<meta name=\"twitter:label1\" content=\"Est. reading time\" \/>\n\t<meta name=\"twitter:data1\" content=\"1 minute\" \/>\n<script type=\"application\/ld+json\" class=\"yoast-schema-graph\">{\"@context\":\"https:\/\/schema.org\",\"@graph\":[{\"@type\":\"WebPage\",\"@id\":\"https:\/\/aec-energyservices.com\/en\/news\/\",\"url\":\"https:\/\/aec-energyservices.com\/en\/news\/\",\"name\":\"News - AEC Energy Services\",\"isPartOf\":{\"@id\":\"https:\/\/aec-energyservices.com\/en\/#website\"},\"primaryImageOfPage\":{\"@id\":\"https:\/\/aec-energyservices.com\/en\/news\/#primaryimage\"},\"image\":{\"@id\":\"https:\/\/aec-energyservices.com\/en\/news\/#primaryimage\"},\"thumbnailUrl\":\"https:\/\/aec-energyservices.com\/wp-content\/uploads\/2025\/04\/banniere-nos-actus.jpg\",\"datePublished\":\"2025-04-12T20:40:05+00:00\",\"dateModified\":\"2025-05-19T14:43:38+00:00\",\"description\":\"Follow the latest news from AEC Energy Services: innovations, projects, events, and commitments in sustainable electrical solutions.\",\"breadcrumb\":{\"@id\":\"https:\/\/aec-energyservices.com\/en\/news\/#breadcrumb\"},\"inLanguage\":\"en-US\",\"potentialAction\":[{\"@type\":\"ReadAction\",\"target\":[\"https:\/\/aec-energyservices.com\/en\/news\/\"]}]},{\"@type\":\"ImageObject\",\"inLanguage\":\"en-US\",\"@id\":\"https:\/\/aec-energyservices.com\/en\/news\/#primaryimage\",\"url\":\"https:\/\/aec-energyservices.com\/wp-content\/uploads\/2025\/04\/banniere-nos-actus.jpg\",\"contentUrl\":\"https:\/\/aec-energyservices.com\/wp-content\/uploads\/2025\/04\/banniere-nos-actus.jpg\",\"width\":1920,\"height\":807,\"caption\":\"AEC Energy Services: innovations and industrial projects\"},{\"@type\":\"BreadcrumbList\",\"@id\":\"https:\/\/aec-energyservices.com\/en\/news\/#breadcrumb\",\"itemListElement\":[{\"@type\":\"ListItem\",\"position\":1,\"name\":\"Accueil\",\"item\":\"https:\/\/aec-energyservices.com\/en\/\"},{\"@type\":\"ListItem\",\"position\":2,\"name\":\"News\"}]},{\"@type\":\"WebSite\",\"@id\":\"https:\/\/aec-energyservices.com\/en\/#website\",\"url\":\"https:\/\/aec-energyservices.com\/en\/\",\"name\":\"AEC Energy Services\",\"description\":\"Sp\u00e9cialiste en \u00e9lectricit\u00e9 industrielle - HT \/ BT\",\"publisher\":{\"@id\":\"https:\/\/aec-energyservices.com\/en\/#organization\"},\"alternateName\":\"AEC\",\"potentialAction\":[{\"@type\":\"SearchAction\",\"target\":{\"@type\":\"EntryPoint\",\"urlTemplate\":\"https:\/\/aec-energyservices.com\/en\/?s={search_term_string}\"},\"query-input\":{\"@type\":\"PropertyValueSpecification\",\"valueRequired\":true,\"valueName\":\"search_term_string\"}}],\"inLanguage\":\"en-US\"},{\"@type\":\"Organization\",\"@id\":\"https:\/\/aec-energyservices.com\/en\/#organization\",\"name\":\"AEC Energy Services\",\"alternateName\":\"AEC\",\"url\":\"https:\/\/aec-energyservices.com\/en\/\",\"logo\":{\"@type\":\"ImageObject\",\"inLanguage\":\"en-US\",\"@id\":\"https:\/\/aec-energyservices.com\/en\/#\/schema\/logo\/image\/\",\"url\":\"https:\/\/aec-energyservices.com\/wp-content\/uploads\/2025\/03\/Logo-AEC-couleurs.svg\",\"contentUrl\":\"https:\/\/aec-energyservices.com\/wp-content\/uploads\/2025\/03\/Logo-AEC-couleurs.svg\",\"width\":1,\"height\":1,\"caption\":\"AEC Energy Services\"},\"image\":{\"@id\":\"https:\/\/aec-energyservices.com\/en\/#\/schema\/logo\/image\/\"},\"sameAs\":[\"https:\/\/www.linkedin.com\/company\/aec-energy-services\/\"]}]}<\/script>\n<!-- \/ Yoast SEO plugin. -->","yoast_head_json":{"title":"News - AEC Energy Services","description":"Follow the latest news from AEC Energy Services: innovations, projects, events, and commitments in sustainable electrical solutions.","robots":{"index":"index","follow":"follow","max-snippet":"max-snippet:-1","max-image-preview":"max-image-preview:large","max-video-preview":"max-video-preview:-1"},"canonical":"https:\/\/aec-energyservices.com\/en\/news\/","og_locale":"en_US","og_type":"article","og_title":"News - AEC Energy Services","og_description":"Follow the latest news from AEC Energy Services: innovations, projects, events, and commitments in sustainable electrical solutions.","og_url":"https:\/\/aec-energyservices.com\/en\/news\/","og_site_name":"AEC Energy Services","article_modified_time":"2025-05-19T14:43:38+00:00","og_image":[{"width":1920,"height":807,"url":"https:\/\/aec-energyservices.com\/wp-content\/uploads\/2025\/04\/banniere-nos-actus.jpg","type":"image\/jpeg"}],"twitter_card":"summary_large_image","twitter_misc":{"Est. reading time":"1 minute"},"schema":{"@context":"https:\/\/schema.org","@graph":[{"@type":"WebPage","@id":"https:\/\/aec-energyservices.com\/en\/news\/","url":"https:\/\/aec-energyservices.com\/en\/news\/","name":"News - AEC Energy Services","isPartOf":{"@id":"https:\/\/aec-energyservices.com\/en\/#website"},"primaryImageOfPage":{"@id":"https:\/\/aec-energyservices.com\/en\/news\/#primaryimage"},"image":{"@id":"https:\/\/aec-energyservices.com\/en\/news\/#primaryimage"},"thumbnailUrl":"https:\/\/aec-energyservices.com\/wp-content\/uploads\/2025\/04\/banniere-nos-actus.jpg","datePublished":"2025-04-12T20:40:05+00:00","dateModified":"2025-05-19T14:43:38+00:00","description":"Follow the latest news from AEC Energy Services: innovations, projects, events, and commitments in sustainable electrical solutions.","breadcrumb":{"@id":"https:\/\/aec-energyservices.com\/en\/news\/#breadcrumb"},"inLanguage":"en-US","potentialAction":[{"@type":"ReadAction","target":["https:\/\/aec-energyservices.com\/en\/news\/"]}]},{"@type":"ImageObject","inLanguage":"en-US","@id":"https:\/\/aec-energyservices.com\/en\/news\/#primaryimage","url":"https:\/\/aec-energyservices.com\/wp-content\/uploads\/2025\/04\/banniere-nos-actus.jpg","contentUrl":"https:\/\/aec-energyservices.com\/wp-content\/uploads\/2025\/04\/banniere-nos-actus.jpg","width":1920,"height":807,"caption":"AEC Energy Services: innovations and industrial projects"},{"@type":"BreadcrumbList","@id":"https:\/\/aec-energyservices.com\/en\/news\/#breadcrumb","itemListElement":[{"@type":"ListItem","position":1,"name":"Accueil","item":"https:\/\/aec-energyservices.com\/en\/"},{"@type":"ListItem","position":2,"name":"News"}]},{"@type":"WebSite","@id":"https:\/\/aec-energyservices.com\/en\/#website","url":"https:\/\/aec-energyservices.com\/en\/","name":"AEC Energy Services","description":"Sp\u00e9cialiste en \u00e9lectricit\u00e9 industrielle - HT \/ BT","publisher":{"@id":"https:\/\/aec-energyservices.com\/en\/#organization"},"alternateName":"AEC","potentialAction":[{"@type":"SearchAction","target":{"@type":"EntryPoint","urlTemplate":"https:\/\/aec-energyservices.com\/en\/?s={search_term_string}"},"query-input":{"@type":"PropertyValueSpecification","valueRequired":true,"valueName":"search_term_string"}}],"inLanguage":"en-US"},{"@type":"Organization","@id":"https:\/\/aec-energyservices.com\/en\/#organization","name":"AEC Energy Services","alternateName":"AEC","url":"https:\/\/aec-energyservices.com\/en\/","logo":{"@type":"ImageObject","inLanguage":"en-US","@id":"https:\/\/aec-energyservices.com\/en\/#\/schema\/logo\/image\/","url":"https:\/\/aec-energyservices.com\/wp-content\/uploads\/2025\/03\/Logo-AEC-couleurs.svg","contentUrl":"https:\/\/aec-energyservices.com\/wp-content\/uploads\/2025\/03\/Logo-AEC-couleurs.svg","width":1,"height":1,"caption":"AEC Energy Services"},"image":{"@id":"https:\/\/aec-energyservices.com\/en\/#\/schema\/logo\/image\/"},"sameAs":["https:\/\/www.linkedin.com\/company\/aec-energy-services\/"]}]}},"_links":{"self":[{"href":"https:\/\/aec-energyservices.com\/en\/wp-json\/wp\/v2\/pages\/1154","targetHints":{"allow":["GET"]}}],"collection":[{"href":"https:\/\/aec-energyservices.com\/en\/wp-json\/wp\/v2\/pages"}],"about":[{"href":"https:\/\/aec-energyservices.com\/en\/wp-json\/wp\/v2\/types\/page"}],"author":[{"embeddable":true,"href":"https:\/\/aec-energyservices.com\/en\/wp-json\/wp\/v2\/users\/1"}],"replies":[{"embeddable":true,"href":"https:\/\/aec-energyservices.com\/en\/wp-json\/wp\/v2\/comments?post=1154"}],"version-history":[{"count":2,"href":"https:\/\/aec-energyservices.com\/en\/wp-json\/wp\/v2\/pages\/1154\/revisions"}],"predecessor-version":[{"id":1329,"href":"https:\/\/aec-energyservices.com\/en\/wp-json\/wp\/v2\/pages\/1154\/revisions\/1329"}],"wp:featuredmedia":[{"embeddable":true,"href":"https:\/\/aec-energyservices.com\/en\/wp-json\/wp\/v2\/media\/1029"}],"wp:attachment":[{"href":"https:\/\/aec-energyservices.com\/en\/wp-json\/wp\/v2\/media?parent=1154"}],"curies":[{"name":"wp","href":"https:\/\/api.w.org\/{rel}","templated":true}]}}