{"id":1146,"date":"2025-04-13T09:55:01","date_gmt":"2025-04-13T07:55:01","guid":{"rendered":"https:\/\/aec-energyservices.com\/aec-impact\/"},"modified":"2025-05-19T16:22:48","modified_gmt":"2025-05-19T14:22:48","slug":"aec-impact","status":"publish","type":"page","link":"https:\/\/aec-energyservices.com\/en\/aec-impact\/","title":{"rendered":"AEC Impact"},"content":{"rendered":"<?xml encoding=\"UTF-8\"><p>[et_pb_section fb_built=&rdquo;1&Prime; admin_label=&rdquo;Section&rdquo; _builder_version=&rdquo;4.27.4&Prime; _module_preset=&rdquo;default&rdquo; background_enable_color=&rdquo;off&rdquo; custom_padding=&rdquo;0px||0px||false|false&rdquo; custom_css_free_form=&rdquo;.page-id-482 selector,||.page-id-1151 selector{||  background:var(&ndash;color-2) !important;||}||.page-id-504 selector,||.page-id-1146 selector{||  background:var(&ndash;color-3) !important;||}||.page-id-514 selector,||.page-id-1145 selector{||  background:var(&ndash;color-4) !important;||}&rdquo; da_disable_devices=&rdquo;off|off|off&rdquo; global_module=&rdquo;789&Prime; saved_tabs=&rdquo;all&rdquo; global_colors_info=&rdquo;{}&rdquo; da_is_popup=&rdquo;off&rdquo; da_exit_intent=&rdquo;off&rdquo; da_has_close=&rdquo;on&rdquo; da_alt_close=&rdquo;off&rdquo; da_dark_close=&rdquo;off&rdquo; da_not_modal=&rdquo;on&rdquo; da_is_singular=&rdquo;off&rdquo; da_with_loader=&rdquo;off&rdquo; da_has_shadow=&rdquo;on&rdquo;][et_pb_row _builder_version=&rdquo;4.27.4&Prime; _module_preset=&rdquo;default&rdquo; custom_padding=&rdquo;||0px||false|false&rdquo; global_colors_info=&rdquo;{}&rdquo;][et_pb_column type=&rdquo;4_4&Prime; _builder_version=&rdquo;4.27.4&Prime; _module_preset=&rdquo;default&rdquo; global_colors_info=&rdquo;{}&rdquo;][et_pb_image src=&rdquo;https:\/\/aec-energyservices.com\/wp-content\/uploads\/2025\/04\/AEC-Power.svg&rdquo; alt=&rdquo;AEC Power&rdquo; title_text=&rdquo;AEC Power&rdquo; _builder_version=&rdquo;4.27.4&Prime; _module_preset=&rdquo;82e5e539-b9ab-4add-a42d-0d8a4e51648b&rdquo; width=&rdquo;200px&rdquo; module_alignment=&rdquo;center&rdquo; display_conditions=&rdquo;W3siaWQiOiIwZmZiNzYwMi05OWM0LTQ2MmYtYTFlYy0zYTBhNjE3MjIwN2QiLCJjb25kaXRpb24iOiJwYWdlIiwiY29uZGl0aW9uU2V0dGluZ3MiOnsiZGlzcGxheVJ1bGUiOiJpcyIsImR5bmFtaWNQb3N0cyI6W3sibGFiZWwiOiJBRUMgUG93ZXIiLCJ2YWx1ZSI6IjExNTEifV0sInBvc3RUeXBlTGFiZWwiOiJQYWdlcyIsImFkbWluTGFiZWwiOiJQYWdlcyIsImVuYWJsZUNvbmRpdGlvbiI6Im9uIn0sIm9wZXJhdG9yIjoiT1IifV0=&rdquo; custom_margin=&rdquo;||-75px||false|false&rdquo; global_colors_info=&rdquo;{}&rdquo;][\/et_pb_image][et_pb_image src=&rdquo;https:\/\/aec-energyservices.com\/wp-content\/uploads\/2025\/04\/AEC-Impact.svg&rdquo; alt=&rdquo;AEC Impact&rdquo; title_text=&rdquo;AEC Impact&rdquo; _builder_version=&rdquo;4.27.4&Prime; _module_preset=&rdquo;82e5e539-b9ab-4add-a42d-0d8a4e51648b&rdquo; width=&rdquo;200px&rdquo; module_alignment=&rdquo;center&rdquo; display_conditions=&rdquo;W3siaWQiOiI2MjQ4YTJmMi0wZGZkLTQyM2EtOGY1ZS0wNGMwOTMwODJiMWQiLCJjb25kaXRpb24iOiJwYWdlIiwiY29uZGl0aW9uU2V0dGluZ3MiOnsiZGlzcGxheVJ1bGUiOiJpcyIsImR5bmFtaWNQb3N0cyI6W3sibGFiZWwiOiJBRUMgSW1wYWN0IiwidmFsdWUiOiIxMTQ2In1dLCJwb3N0VHlwZUxhYmVsIjoiUGFnZXMiLCJhZG1pbkxhYmVsIjoiUGFnZXMiLCJlbmFibGVDb25kaXRpb24iOiJvbiJ9LCJvcGVyYXRvciI6Ik9SIn1d&rdquo; custom_margin=&rdquo;||-75px||false|false&rdquo; global_colors_info=&rdquo;{}&rdquo;][\/et_pb_image][et_pb_image src=&rdquo;https:\/\/aec-energyservices.com\/wp-content\/uploads\/2025\/04\/AEC-Academy.svg&rdquo; alt=&rdquo;AEC Academy&rdquo; title_text=&rdquo;AEC Academy&rdquo; _builder_version=&rdquo;4.27.4&Prime; _module_preset=&rdquo;82e5e539-b9ab-4add-a42d-0d8a4e51648b&rdquo; width=&rdquo;200px&rdquo; module_alignment=&rdquo;center&rdquo; display_conditions=&rdquo;W3siaWQiOiI2ODA2Njg4Mi01ZWM0LTQ2MTctOTU0MC05ZWI2MjVkMmY1M2MiLCJjb25kaXRpb24iOiJwYWdlIiwiY29uZGl0aW9uU2V0dGluZ3MiOnsiZGlzcGxheVJ1bGUiOiJpcyIsImR5bmFtaWNQb3N0cyI6W3sibGFiZWwiOiJBRUMgQWNhZGVteSIsInZhbHVlIjoiMTE0NSJ9XSwicG9zdFR5cGVMYWJlbCI6IlBhZ2VzIiwiYWRtaW5MYWJlbCI6IlBhZ2VzIiwiZW5hYmxlQ29uZGl0aW9uIjoib24ifSwib3BlcmF0b3IiOiJPUiJ9XQ==&rdquo; custom_margin=&rdquo;||-75px||false|false&rdquo; global_colors_info=&rdquo;{}&rdquo;][\/et_pb_image][difl_breadcrumbs use_separator_icon=&rdquo;on&rdquo; separator_font_icon=&rdquo;9||divi||400&Prime; page_title=&rdquo;Our services&rdquo; page_custom_url=&rdquo;@ET-DC@eyJkeW5hbWljIjp0cnVlLCJjb250ZW50IjoicG9zdF9saW5rX3VybF9wYWdlIiwic2V0dGluZ3MiOnsicG9zdF9pZCI6IjQ3MiIsImVuYWJsZV9odG1sIjoib2ZmIn19@&rdquo; _builder_version=&rdquo;4.27.4&Prime; _dynamic_attributes=&rdquo;page_custom_url&rdquo; _module_preset=&rdquo;default&rdquo; pages_font_text_color=&rdquo;#191B1D&rdquo; active_page_font_font=&rdquo;|700|||||||&rdquo; active_page_font_text_color=&rdquo;#272C5A&rdquo; custom_margin=&rdquo;||-55px||false|false&rdquo; custom_margin_tablet=&rdquo;&rdquo; custom_margin_phone=&rdquo;90px||-100px||false|false&rdquo; custom_margin_last_edited=&rdquo;on|phone&rdquo; custom_css_free_form=&rdquo;selector .df-breadcrumbs{||  flex-wrap:wrap;||}&rdquo; global_colors_info=&rdquo;{}&rdquo;][\/difl_breadcrumbs][\/et_pb_column][\/et_pb_row][\/et_pb_section][et_pb_section fb_built=&rdquo;1&Prime; _builder_version=&rdquo;4.27.4&Prime; _module_preset=&rdquo;default&rdquo; custom_padding=&rdquo;100px||0px||false|false&rdquo; da_disable_devices=&rdquo;off|off|off&rdquo; global_colors_info=&rdquo;{}&rdquo; da_is_popup=&rdquo;off&rdquo; da_exit_intent=&rdquo;off&rdquo; da_has_close=&rdquo;on&rdquo; da_alt_close=&rdquo;off&rdquo; da_dark_close=&rdquo;off&rdquo; da_not_modal=&rdquo;on&rdquo; da_is_singular=&rdquo;off&rdquo; da_with_loader=&rdquo;off&rdquo; da_has_shadow=&rdquo;on&rdquo;][et_pb_row _builder_version=&rdquo;4.27.4&Prime; _module_preset=&rdquo;default&rdquo; global_colors_info=&rdquo;{}&rdquo;][et_pb_column type=&rdquo;4_4&Prime; _builder_version=&rdquo;4.27.4&Prime; _module_preset=&rdquo;default&rdquo; global_colors_info=&rdquo;{}&rdquo;][et_pb_text module_class=&rdquo;color-3&Prime; _builder_version=&rdquo;4.27.4&Prime; _module_preset=&rdquo;default&rdquo; text_font=&rdquo;&ndash;et_global_body_font|500|||||||&rdquo; text_orientation=&rdquo;center&rdquo; global_colors_info=&rdquo;{}&rdquo;]<\/p>\n<p>AEC Energy Services is fully committed to the energy transition and supports its customers in implementing innovative solutions for decarbonization and self-consumption. In the face of growing environmental challenges, we have expanded our field of expertise with <strong>AEC IMPACT<\/strong>, to offer you solutions tailored to the new requirements for renewable energy (RE), enabling you to reduce your carbon footprint and strengthen your energy independence.<\/p>\n<p>[\/et_pb_text][\/et_pb_column][\/et_pb_row][\/et_pb_section][et_pb_section fb_built=&rdquo;1&Prime; _builder_version=&rdquo;4.27.4&Prime; _module_preset=&rdquo;default&rdquo; custom_padding=&rdquo;0px||||false|false&rdquo; da_disable_devices=&rdquo;off|off|off&rdquo; global_colors_info=&rdquo;{}&rdquo; da_is_popup=&rdquo;off&rdquo; da_exit_intent=&rdquo;off&rdquo; da_has_close=&rdquo;on&rdquo; da_alt_close=&rdquo;off&rdquo; da_dark_close=&rdquo;off&rdquo; da_not_modal=&rdquo;on&rdquo; da_is_singular=&rdquo;off&rdquo; da_with_loader=&rdquo;off&rdquo; da_has_shadow=&rdquo;on&rdquo;][et_pb_row _builder_version=&rdquo;4.27.4&Prime; _module_preset=&rdquo;default&rdquo; global_colors_info=&rdquo;{}&rdquo;][et_pb_column type=&rdquo;4_4&Prime; _builder_version=&rdquo;4.27.4&Prime; _module_preset=&rdquo;default&rdquo; global_colors_info=&rdquo;{}&rdquo;][et_pb_text module_class=&rdquo;small color-3&Prime; _builder_version=&rdquo;4.27.4&Prime; _module_preset=&rdquo;63fb4411-69c1-443d-80ba-db545dde7f34&Prime; header_2_text_color=&rdquo;#12827C&rdquo; background_layout=&rdquo;light&rdquo; custom_margin=&rdquo;||0px||false|false&rdquo; global_colors_info=&rdquo;{}&rdquo;]<\/p>\n<h2>AEC IMPACT: Tailor-made solutions for the energy transition<\/h2>\n<p>[\/et_pb_text][et_pb_text module_class=&rdquo;color-3&Prime; _builder_version=&rdquo;4.27.4&Prime; _module_preset=&rdquo;default&rdquo; global_colors_info=&rdquo;{}&rdquo;]<\/p>\n<p>In an ever-changing world, we are convinced that the energy transition is essential for a more sustainable future. In addition to our <strong>AEC IMPACT<\/strong> service, we can help you integrate renewable energies into your industrial projects, offering customized solutions that meet your specific needs while complying with environmental standards:<\/p>\n<p>[\/et_pb_text][\/et_pb_column][\/et_pb_row][et_pb_row column_structure=&rdquo;1_2,1_2&Prime; _builder_version=&rdquo;4.27.4&Prime; _module_preset=&rdquo;default&rdquo; custom_padding=&rdquo;0px||0px||true|false&rdquo; global_colors_info=&rdquo;{}&rdquo;][et_pb_column type=&rdquo;1_2&Prime; _builder_version=&rdquo;4.27.4&Prime; _module_preset=&rdquo;default&rdquo; global_colors_info=&rdquo;{}&rdquo;][difl_iconlist _builder_version=&rdquo;4.27.4&Prime; _module_preset=&rdquo;default&rdquo; global_colors_info=&rdquo;{}&rdquo;][difl_iconlistitem list_item_title=&rdquo;Decarbonization projects&rdquo; list_item_title_tag=&rdquo;h3&Prime; list_item_icon_type=&rdquo;image&rdquo; list_item_image=&rdquo;https:\/\/aec-energyservices.com\/wp-content\/uploads\/2025\/04\/fleche-puce-verte.svg&rdquo; _builder_version=&rdquo;4.27.4&Prime; global_colors_info=&rdquo;{}&rdquo;]<\/p>\n<p>We can help you implement solutions to reduce greenhouse gas emissions from your facilities. This includes the integration of renewable energies such as solar and wind power, and optimized energy management to limit the use of fossil fuels. Thanks to our expertise, we guarantee a smooth energy transition tailored to your needs.<\/p>\n<p>[\/difl_iconlistitem][\/difl_iconlist][\/et_pb_column][et_pb_column type=&rdquo;1_2&Prime; _builder_version=&rdquo;4.27.4&Prime; _module_preset=&rdquo;default&rdquo; custom_padding=&rdquo;20px||20px||true|false&rdquo; sticky_position=&rdquo;top&rdquo; sticky_limit_bottom=&rdquo;row&rdquo; sticky_position_tablet=&rdquo;none&rdquo; sticky_position_phone=&rdquo;none&rdquo; sticky_position_last_edited=&rdquo;on|desktop&rdquo; global_colors_info=&rdquo;{}&rdquo;][et_pb_image src=&rdquo;https:\/\/aec-energyservices.com\/wp-content\/uploads\/2025\/04\/aec-impact-image-1.jpg&rdquo; alt=&rdquo;aec impact&rdquo; module_class=&rdquo;color-3&Prime; _builder_version=&rdquo;4.27.4&Prime; _module_preset=&rdquo;default&rdquo; global_colors_info=&rdquo;{}&rdquo;][\/et_pb_image][\/et_pb_column][\/et_pb_row][et_pb_row column_structure=&rdquo;1_2,1_2&Prime; _builder_version=&rdquo;4.27.4&Prime; _module_preset=&rdquo;default&rdquo; custom_padding=&rdquo;0px||0px||true|false&rdquo; global_colors_info=&rdquo;{}&rdquo;][et_pb_column type=&rdquo;1_2&Prime; _builder_version=&rdquo;4.27.4&Prime; _module_preset=&rdquo;default&rdquo; custom_padding=&rdquo;20px||20px||true|false&rdquo; sticky_position=&rdquo;top&rdquo; sticky_limit_bottom=&rdquo;row&rdquo; sticky_position_tablet=&rdquo;none&rdquo; sticky_position_phone=&rdquo;none&rdquo; sticky_position_last_edited=&rdquo;on|desktop&rdquo; global_colors_info=&rdquo;{}&rdquo;][et_pb_image src=&rdquo;https:\/\/aec-energyservices.com\/wp-content\/uploads\/2025\/04\/aec-impact-image-2.jpg&rdquo; alt=&rdquo;aec impact&rdquo; module_class=&rdquo;color-3&Prime; _builder_version=&rdquo;4.27.4&Prime; _module_preset=&rdquo;default&rdquo; global_colors_info=&rdquo;{}&rdquo;][\/et_pb_image][\/et_pb_column][et_pb_column type=&rdquo;1_2&Prime; _builder_version=&rdquo;4.27.4&Prime; _module_preset=&rdquo;default&rdquo; global_colors_info=&rdquo;{}&rdquo;][difl_iconlist _builder_version=&rdquo;4.27.4&Prime; _module_preset=&rdquo;default&rdquo; global_colors_info=&rdquo;{}&rdquo;][difl_iconlistitem list_item_title=&rdquo;Energy self-consumption&rdquo; list_item_title_tag=&rdquo;h3&Prime; list_item_icon_type=&rdquo;image&rdquo; list_item_image=&rdquo;https:\/\/aec-energyservices.com\/wp-content\/uploads\/2025\/04\/fleche-puce-verte.svg&rdquo; _builder_version=&rdquo;4.27.4&Prime; global_colors_info=&rdquo;{}&rdquo;]<\/p>\n<p>We offer self-consumption solutions to enable you to produce and consume your own energy. Whether using solar, photovoltaic or wind power systems, these solutions not only reduce energy costs, but also strengthen your energy independence by consuming a larger share of the energy you produce. This model also contributes to the long-term stability of your energy costs.<\/p>\n<p>[\/difl_iconlistitem][\/difl_iconlist][\/et_pb_column][\/et_pb_row][\/et_pb_section][et_pb_section fb_built=&rdquo;1&Prime; _builder_version=&rdquo;4.27.4&Prime; _module_preset=&rdquo;default&rdquo; background_image=&rdquo;https:\/\/aec-energyservices.com\/wp-content\/uploads\/2025\/04\/aec-impact-accompagner-nos-clients.jpg&rdquo; custom_padding=&rdquo;30px||30px||true|false&rdquo; da_disable_devices=&rdquo;off|off|off&rdquo; global_colors_info=&rdquo;{}&rdquo; da_is_popup=&rdquo;off&rdquo; da_exit_intent=&rdquo;off&rdquo; da_has_close=&rdquo;on&rdquo; da_alt_close=&rdquo;off&rdquo; da_dark_close=&rdquo;off&rdquo; da_not_modal=&rdquo;on&rdquo; da_is_singular=&rdquo;off&rdquo; da_with_loader=&rdquo;off&rdquo; da_has_shadow=&rdquo;on&rdquo;][et_pb_row _builder_version=&rdquo;4.27.4&Prime; _module_preset=&rdquo;default&rdquo; global_colors_info=&rdquo;{}&rdquo;][et_pb_column type=&rdquo;4_4&Prime; _builder_version=&rdquo;4.27.4&Prime; _module_preset=&rdquo;default&rdquo; global_colors_info=&rdquo;{}&rdquo;][et_pb_text module_class=&rdquo;small blanc&rdquo; _builder_version=&rdquo;4.27.4&Prime; _module_preset=&rdquo;63fb4411-69c1-443d-80ba-db545dde7f34&Prime; global_colors_info=&rdquo;{}&rdquo;]<\/p>\n<h2>AEC IMPACT: Helping our customers build a greener future<\/h2>\n<p>[\/et_pb_text][et_pb_text _builder_version=&rdquo;4.27.4&Prime; _module_preset=&rdquo;default&rdquo; background_layout=&rdquo;dark&rdquo; custom_margin=&rdquo;||60px||false|false&rdquo; global_colors_info=&rdquo;{}&rdquo;]<\/p>\n<p>By diversifying our business model to include decarbonization and self-consumption solutions, we are putting innovation at the heart of our projects. AEC Energy Services positions itself as a strategic partner in the implementation of sustainable, cost-effective energy solutions, while actively contributing to the reduction of its customers&rsquo; carbon footprint.<\/p>\n<p>[\/et_pb_text][et_pb_button button_url=&rdquo;@ET-DC@eyJkeW5hbWljIjp0cnVlLCJjb250ZW50IjoicG9zdF9saW5rX3VybF9wYWdlIiwic2V0dGluZ3MiOnsicG9zdF9pZCI6IjYyNSIsImVuYWJsZV9odG1sIjoib2ZmIn19@&rdquo; button_text=&rdquo;See our references&rdquo; _builder_version=&rdquo;4.27.4&Prime; _dynamic_attributes=&rdquo;button_url&rdquo; _module_preset=&rdquo;a3f97c06-32ff-4b5d-91cd-6441e8710174&Prime; button_text_color=&rdquo;#12827C&rdquo; global_colors_info=&rdquo;{}&rdquo;][\/et_pb_button][\/et_pb_column][\/et_pb_row][\/et_pb_section]<\/p>\n","protected":false},"excerpt":{"rendered":"<p><div class=\"et_pb_module difl_breadcrumbs difl_breadcrumbs_0\">\n\t\t\t\t\n\t\t\t\t\n\t\t\t\t\n\t\t\t\t\n\t\t\t\t\n\t\t\t\t\n\t\t\t\t<div class=\"et_pb_module_inner\">\n\t\t\t\t\t<div class=\"df_breadcrumbs_container\">\r\n                             \r\n                            <div class=\"df_breadcrumbs_wrapper\">\r\n                                <ul class=\"df-breadcrumbs\"><li class=\"df-breadcrumbs-item df-breadcrumbs-start\"><a href=\"https:\/\/aec-energyservices.com\/en\/\"  rel=\"home\"><span class=\"df-breadcrumbs-text\">  Accueil <\/span><\/a><\/li><\/ul>\r\n                            <\/div>\r\n\r\n                        <\/div>\n\t\t\t\t<\/div>\n\t\t\t<\/div>AEC Energy Services is fully committed to the energy transition and supports its customers in implementing innovative solutions for decarbonization and self-consumption. In the face of growing environmental challenges, we have expanded our field of expertise [&hellip;]<\/p>\n","protected":false},"author":1,"featured_media":1049,"parent":0,"menu_order":8,"comment_status":"closed","ping_status":"closed","template":"","meta":{"_acf_changed":false,"_et_pb_use_builder":"on","_et_pb_old_content":"","_et_gb_content_width":"","footnotes":""},"class_list":["post-1146","page","type-page","status-publish","has-post-thumbnail","hentry"],"acf":[],"yoast_head":"<!-- This site is optimized with the Yoast SEO plugin v27.0 - https:\/\/yoast.com\/product\/yoast-seo-wordpress\/ -->\n<title>AEC Impact - AEC Energy Services<\/title>\n<meta name=\"description\" content=\"AEC Impact supports industrial players in their energy transition through audits, design, and solutions to improve efficiency and integrate renewable energy.\" \/>\n<meta name=\"robots\" content=\"index, follow, max-snippet:-1, max-image-preview:large, max-video-preview:-1\" \/>\n<link rel=\"canonical\" href=\"https:\/\/aec-energyservices.com\/en\/aec-impact\/\" \/>\n<meta property=\"og:locale\" content=\"en_US\" \/>\n<meta property=\"og:type\" content=\"article\" \/>\n<meta property=\"og:title\" content=\"AEC Impact - AEC Energy Services\" \/>\n<meta property=\"og:description\" content=\"AEC Impact supports industrial players in their energy transition through audits, design, and solutions to improve efficiency and integrate renewable energy.\" \/>\n<meta property=\"og:url\" content=\"https:\/\/aec-energyservices.com\/en\/aec-impact\/\" \/>\n<meta property=\"og:site_name\" content=\"AEC Energy Services\" \/>\n<meta property=\"article:modified_time\" content=\"2025-05-19T14:22:48+00:00\" \/>\n<meta property=\"og:image\" content=\"https:\/\/aec-energyservices.com\/wp-content\/uploads\/2025\/04\/banniere-aec-impact.jpg\" \/>\n\t<meta property=\"og:image:width\" content=\"1920\" \/>\n\t<meta property=\"og:image:height\" content=\"332\" \/>\n\t<meta property=\"og:image:type\" content=\"image\/jpeg\" \/>\n<meta name=\"twitter:card\" content=\"summary_large_image\" \/>\n<meta name=\"twitter:label1\" content=\"Est. reading time\" \/>\n\t<meta name=\"twitter:data1\" content=\"3 minutes\" \/>\n<script type=\"application\/ld+json\" class=\"yoast-schema-graph\">{\"@context\":\"https:\/\/schema.org\",\"@graph\":[{\"@type\":\"WebPage\",\"@id\":\"https:\/\/aec-energyservices.com\/en\/aec-impact\/\",\"url\":\"https:\/\/aec-energyservices.com\/en\/aec-impact\/\",\"name\":\"AEC Impact - AEC Energy Services\",\"isPartOf\":{\"@id\":\"https:\/\/aec-energyservices.com\/en\/#website\"},\"primaryImageOfPage\":{\"@id\":\"https:\/\/aec-energyservices.com\/en\/aec-impact\/#primaryimage\"},\"image\":{\"@id\":\"https:\/\/aec-energyservices.com\/en\/aec-impact\/#primaryimage\"},\"thumbnailUrl\":\"https:\/\/aec-energyservices.com\/wp-content\/uploads\/2025\/04\/banniere-aec-impact.jpg\",\"datePublished\":\"2025-04-13T07:55:01+00:00\",\"dateModified\":\"2025-05-19T14:22:48+00:00\",\"description\":\"AEC Impact supports industrial players in their energy transition through audits, design, and solutions to improve efficiency and integrate renewable energy.\",\"breadcrumb\":{\"@id\":\"https:\/\/aec-energyservices.com\/en\/aec-impact\/#breadcrumb\"},\"inLanguage\":\"en-US\",\"potentialAction\":[{\"@type\":\"ReadAction\",\"target\":[\"https:\/\/aec-energyservices.com\/en\/aec-impact\/\"]}]},{\"@type\":\"ImageObject\",\"inLanguage\":\"en-US\",\"@id\":\"https:\/\/aec-energyservices.com\/en\/aec-impact\/#primaryimage\",\"url\":\"https:\/\/aec-energyservices.com\/wp-content\/uploads\/2025\/04\/banniere-aec-impact.jpg\",\"contentUrl\":\"https:\/\/aec-energyservices.com\/wp-content\/uploads\/2025\/04\/banniere-aec-impact.jpg\",\"width\":1920,\"height\":332,\"caption\":\"AEC Impact, solutions for energy transition and industrial energy efficiency\"},{\"@type\":\"BreadcrumbList\",\"@id\":\"https:\/\/aec-energyservices.com\/en\/aec-impact\/#breadcrumb\",\"itemListElement\":[{\"@type\":\"ListItem\",\"position\":1,\"name\":\"Accueil\",\"item\":\"https:\/\/aec-energyservices.com\/en\/\"},{\"@type\":\"ListItem\",\"position\":2,\"name\":\"AEC Impact\"}]},{\"@type\":\"WebSite\",\"@id\":\"https:\/\/aec-energyservices.com\/en\/#website\",\"url\":\"https:\/\/aec-energyservices.com\/en\/\",\"name\":\"AEC Energy Services\",\"description\":\"Sp\u00e9cialiste en \u00e9lectricit\u00e9 industrielle - HT \/ BT\",\"publisher\":{\"@id\":\"https:\/\/aec-energyservices.com\/en\/#organization\"},\"alternateName\":\"AEC\",\"potentialAction\":[{\"@type\":\"SearchAction\",\"target\":{\"@type\":\"EntryPoint\",\"urlTemplate\":\"https:\/\/aec-energyservices.com\/en\/?s={search_term_string}\"},\"query-input\":{\"@type\":\"PropertyValueSpecification\",\"valueRequired\":true,\"valueName\":\"search_term_string\"}}],\"inLanguage\":\"en-US\"},{\"@type\":\"Organization\",\"@id\":\"https:\/\/aec-energyservices.com\/en\/#organization\",\"name\":\"AEC Energy Services\",\"alternateName\":\"AEC\",\"url\":\"https:\/\/aec-energyservices.com\/en\/\",\"logo\":{\"@type\":\"ImageObject\",\"inLanguage\":\"en-US\",\"@id\":\"https:\/\/aec-energyservices.com\/en\/#\/schema\/logo\/image\/\",\"url\":\"https:\/\/aec-energyservices.com\/wp-content\/uploads\/2025\/03\/Logo-AEC-couleurs.svg\",\"contentUrl\":\"https:\/\/aec-energyservices.com\/wp-content\/uploads\/2025\/03\/Logo-AEC-couleurs.svg\",\"width\":1,\"height\":1,\"caption\":\"AEC Energy Services\"},\"image\":{\"@id\":\"https:\/\/aec-energyservices.com\/en\/#\/schema\/logo\/image\/\"},\"sameAs\":[\"https:\/\/www.linkedin.com\/company\/aec-energy-services\/\"]}]}<\/script>\n<!-- \/ Yoast SEO plugin. -->","yoast_head_json":{"title":"AEC Impact - AEC Energy Services","description":"AEC Impact supports industrial players in their energy transition through audits, design, and solutions to improve efficiency and integrate renewable energy.","robots":{"index":"index","follow":"follow","max-snippet":"max-snippet:-1","max-image-preview":"max-image-preview:large","max-video-preview":"max-video-preview:-1"},"canonical":"https:\/\/aec-energyservices.com\/en\/aec-impact\/","og_locale":"en_US","og_type":"article","og_title":"AEC Impact - AEC Energy Services","og_description":"AEC Impact supports industrial players in their energy transition through audits, design, and solutions to improve efficiency and integrate renewable energy.","og_url":"https:\/\/aec-energyservices.com\/en\/aec-impact\/","og_site_name":"AEC Energy Services","article_modified_time":"2025-05-19T14:22:48+00:00","og_image":[{"width":1920,"height":332,"url":"https:\/\/aec-energyservices.com\/wp-content\/uploads\/2025\/04\/banniere-aec-impact.jpg","type":"image\/jpeg"}],"twitter_card":"summary_large_image","twitter_misc":{"Est. reading time":"3 minutes"},"schema":{"@context":"https:\/\/schema.org","@graph":[{"@type":"WebPage","@id":"https:\/\/aec-energyservices.com\/en\/aec-impact\/","url":"https:\/\/aec-energyservices.com\/en\/aec-impact\/","name":"AEC Impact - AEC Energy Services","isPartOf":{"@id":"https:\/\/aec-energyservices.com\/en\/#website"},"primaryImageOfPage":{"@id":"https:\/\/aec-energyservices.com\/en\/aec-impact\/#primaryimage"},"image":{"@id":"https:\/\/aec-energyservices.com\/en\/aec-impact\/#primaryimage"},"thumbnailUrl":"https:\/\/aec-energyservices.com\/wp-content\/uploads\/2025\/04\/banniere-aec-impact.jpg","datePublished":"2025-04-13T07:55:01+00:00","dateModified":"2025-05-19T14:22:48+00:00","description":"AEC Impact supports industrial players in their energy transition through audits, design, and solutions to improve efficiency and integrate renewable energy.","breadcrumb":{"@id":"https:\/\/aec-energyservices.com\/en\/aec-impact\/#breadcrumb"},"inLanguage":"en-US","potentialAction":[{"@type":"ReadAction","target":["https:\/\/aec-energyservices.com\/en\/aec-impact\/"]}]},{"@type":"ImageObject","inLanguage":"en-US","@id":"https:\/\/aec-energyservices.com\/en\/aec-impact\/#primaryimage","url":"https:\/\/aec-energyservices.com\/wp-content\/uploads\/2025\/04\/banniere-aec-impact.jpg","contentUrl":"https:\/\/aec-energyservices.com\/wp-content\/uploads\/2025\/04\/banniere-aec-impact.jpg","width":1920,"height":332,"caption":"AEC Impact, solutions for energy transition and industrial energy efficiency"},{"@type":"BreadcrumbList","@id":"https:\/\/aec-energyservices.com\/en\/aec-impact\/#breadcrumb","itemListElement":[{"@type":"ListItem","position":1,"name":"Accueil","item":"https:\/\/aec-energyservices.com\/en\/"},{"@type":"ListItem","position":2,"name":"AEC Impact"}]},{"@type":"WebSite","@id":"https:\/\/aec-energyservices.com\/en\/#website","url":"https:\/\/aec-energyservices.com\/en\/","name":"AEC Energy Services","description":"Sp\u00e9cialiste en \u00e9lectricit\u00e9 industrielle - HT \/ BT","publisher":{"@id":"https:\/\/aec-energyservices.com\/en\/#organization"},"alternateName":"AEC","potentialAction":[{"@type":"SearchAction","target":{"@type":"EntryPoint","urlTemplate":"https:\/\/aec-energyservices.com\/en\/?s={search_term_string}"},"query-input":{"@type":"PropertyValueSpecification","valueRequired":true,"valueName":"search_term_string"}}],"inLanguage":"en-US"},{"@type":"Organization","@id":"https:\/\/aec-energyservices.com\/en\/#organization","name":"AEC Energy Services","alternateName":"AEC","url":"https:\/\/aec-energyservices.com\/en\/","logo":{"@type":"ImageObject","inLanguage":"en-US","@id":"https:\/\/aec-energyservices.com\/en\/#\/schema\/logo\/image\/","url":"https:\/\/aec-energyservices.com\/wp-content\/uploads\/2025\/03\/Logo-AEC-couleurs.svg","contentUrl":"https:\/\/aec-energyservices.com\/wp-content\/uploads\/2025\/03\/Logo-AEC-couleurs.svg","width":1,"height":1,"caption":"AEC Energy Services"},"image":{"@id":"https:\/\/aec-energyservices.com\/en\/#\/schema\/logo\/image\/"},"sameAs":["https:\/\/www.linkedin.com\/company\/aec-energy-services\/"]}]}},"_links":{"self":[{"href":"https:\/\/aec-energyservices.com\/en\/wp-json\/wp\/v2\/pages\/1146","targetHints":{"allow":["GET"]}}],"collection":[{"href":"https:\/\/aec-energyservices.com\/en\/wp-json\/wp\/v2\/pages"}],"about":[{"href":"https:\/\/aec-energyservices.com\/en\/wp-json\/wp\/v2\/types\/page"}],"author":[{"embeddable":true,"href":"https:\/\/aec-energyservices.com\/en\/wp-json\/wp\/v2\/users\/1"}],"replies":[{"embeddable":true,"href":"https:\/\/aec-energyservices.com\/en\/wp-json\/wp\/v2\/comments?post=1146"}],"version-history":[{"count":4,"href":"https:\/\/aec-energyservices.com\/en\/wp-json\/wp\/v2\/pages\/1146\/revisions"}],"predecessor-version":[{"id":1505,"href":"https:\/\/aec-energyservices.com\/en\/wp-json\/wp\/v2\/pages\/1146\/revisions\/1505"}],"wp:featuredmedia":[{"embeddable":true,"href":"https:\/\/aec-energyservices.com\/en\/wp-json\/wp\/v2\/media\/1049"}],"wp:attachment":[{"href":"https:\/\/aec-energyservices.com\/en\/wp-json\/wp\/v2\/media?parent=1146"}],"curies":[{"name":"wp","href":"https:\/\/api.w.org\/{rel}","templated":true}]}}