{"id":1138,"date":"2025-04-14T08:50:41","date_gmt":"2025-04-14T06:50:41","guid":{"rendered":"https:\/\/aec-energyservices.com\/our-commitments\/"},"modified":"2025-05-19T16:39:21","modified_gmt":"2025-05-19T14:39:21","slug":"our-commitments","status":"publish","type":"page","link":"https:\/\/aec-energyservices.com\/en\/our-commitments\/","title":{"rendered":"Our commitments"},"content":{"rendered":"<?xml encoding=\"UTF-8\"><p>[et_pb_section fb_built=&rdquo;1&Prime; _builder_version=&rdquo;4.27.4&Prime; _module_preset=&rdquo;default&rdquo; background_color=&rdquo;#123452&Prime; custom_padding=&rdquo;||110px||false|false&rdquo; da_disable_devices=&rdquo;off|off|off&rdquo; global_colors_info=&rdquo;{}&rdquo; da_is_popup=&rdquo;off&rdquo; da_exit_intent=&rdquo;off&rdquo; da_has_close=&rdquo;on&rdquo; da_alt_close=&rdquo;off&rdquo; da_dark_close=&rdquo;off&rdquo; da_not_modal=&rdquo;on&rdquo; da_is_singular=&rdquo;off&rdquo; da_with_loader=&rdquo;off&rdquo; da_has_shadow=&rdquo;on&rdquo;][et_pb_row _builder_version=&rdquo;4.27.4&Prime; _module_preset=&rdquo;default&rdquo; global_colors_info=&rdquo;{}&rdquo;][et_pb_column type=&rdquo;4_4&Prime; _builder_version=&rdquo;4.27.4&Prime; _module_preset=&rdquo;default&rdquo; global_colors_info=&rdquo;{}&rdquo;][et_pb_text _builder_version=&rdquo;4.27.4&Prime; _module_preset=&rdquo;default&rdquo; text_orientation=&rdquo;center&rdquo; background_layout=&rdquo;dark&rdquo; global_colors_info=&rdquo;{}&rdquo;]<\/p>\n<p><strong>At AEC Energy Services, we put people and sustainability at the heart of our business, and are committed to providing solutions that are safe, environmentally friendly and meet the highest standards.<\/strong>  Our mission is to meet the needs of our customers, while making a positive contribution to society and the environment. Find out more about our key commitments: <\/p>\n<p>[\/et_pb_text][\/et_pb_column][\/et_pb_row][\/et_pb_section][et_pb_section fb_built=&rdquo;1&Prime; _builder_version=&rdquo;4.27.4&Prime; _module_preset=&rdquo;default&rdquo; custom_padding=&rdquo;0px||||false|false&rdquo; da_disable_devices=&rdquo;off|off|off&rdquo; global_colors_info=&rdquo;{}&rdquo; da_is_popup=&rdquo;off&rdquo; da_exit_intent=&rdquo;off&rdquo; da_has_close=&rdquo;on&rdquo; da_alt_close=&rdquo;off&rdquo; da_dark_close=&rdquo;off&rdquo; da_not_modal=&rdquo;on&rdquo; da_is_singular=&rdquo;off&rdquo; da_with_loader=&rdquo;off&rdquo; da_has_shadow=&rdquo;on&rdquo;][et_pb_row _builder_version=&rdquo;4.27.4&Prime; _module_preset=&rdquo;default&rdquo; custom_margin=&rdquo;||||false|false&rdquo; custom_padding=&rdquo;0px||||false|false&rdquo; global_colors_info=&rdquo;{}&rdquo;][et_pb_column type=&rdquo;4_4&Prime; _builder_version=&rdquo;4.27.4&Prime; _module_preset=&rdquo;default&rdquo; global_colors_info=&rdquo;{}&rdquo;][difl_faq faq_que_alignment=&rdquo;center&rdquo; _builder_version=&rdquo;4.27.4&Prime; _module_preset=&rdquo;default&rdquo; custom_css_free_form=&rdquo;selector .df_faq_item{||  background-position: center top;||  background-size:auto 347px;||  background-repeat: no-repeat;||}||selector .df_faq_item:before{||  &ndash;height:60px;||  content:%22%22;||  border:solid var(&ndash;color-2);||  border-width: 5px 5px 0 5px;||  width: 100%;||  margin-left:-5px;||  height:var(&ndash;height);||  margin-top: -5px;||  margin-bottom: calc(var(&ndash;height) * -1);||  display: block;||}||selector .faq_question_wrapper{||  height: 342px;||  z-index: 99;||  position: relative;||  transition: .4s all ease-in-out;||}||selector .df_faq_item.active .faq_question_wrapper{||  height: 375px;||  box-shadow: 0px 12px 18px -6px rgba(0,0,0,0) !important;||}||selector .faq_question_wrapper .faq_question_area{||  -webkit-box-shadow: 0px 0px 15px 1px rgba(0,0,0,0.4) !important; ||  box-shadow: 0px 0px 15px 1px rgba(0,0,0,0.4) !important;||  border-radius:40px;||  padding:5px 15px;||  background: #fff;||  transition: .4s all ease-in-out;||}||selector .df_faq_item.active .faq_question_area{||  transform: translateY(151px);||}||selector .faq_answer_wrapper{||  z-index: 0;||}||selector .faq_answer_wrapper strong{||  color:var(&ndash;color-2);||}&rdquo; global_colors_info=&rdquo;{}&rdquo; que_wrapper_bg_bgcolor__hover=&rdquo;1px||||false|false&rdquo; que_wrapper_bg_bgcolor__hover_enabled=&rdquo;on|hover&rdquo;][difl_faqitem question=&rdquo;Supporting men&rdquo; question_title_tag=&rdquo;h2&Prime; enable_answer_button=&rdquo;on&rdquo; button_text=&rdquo;Ask for personalized support&rdquo; button_url=&rdquo;\/en\/contact&rdquo; use_button_icon=&rdquo;on&rdquo; button_font_icon=&rdquo;$||divi||400&Prime; show_icon_hover=&rdquo;on&rdquo; _builder_version=&rdquo;4.27.4&Prime; background_image=&rdquo;https:\/\/aec-energyservices.com\/wp-content\/uploads\/2025\/04\/banniere-accompagner-les-hommes.jpg&rdquo; background_enable_image=&rdquo;on&rdquo; global_colors_info=&rdquo;{}&rdquo; que_wrapper_bg_bgcolor__hover=&rdquo;1px||||false|false&rdquo; que_wrapper_bg_bgcolor__hover_enabled=&rdquo;on|hover&rdquo;]<\/p>\n<div id=\"accompagner\" class=\"ancre\">&nbsp;<\/div>\n<p>We believe that a company&rsquo;s success depends on the development and security of its employees and partners. That&rsquo;s why we place particular emphasis on<strong>human support<\/strong>, guaranteeing a safe, respectful and fulfilling working environment. Through specialized training, regular follow-up and constant support, we ensure the well-being of each individual while fostering a spirit of teamwork and cooperation. Our human approach enables everyone involved in our company to evolve in an environment of trust, and to succeed in their missions effectively.<\/p>\n<p>[\/difl_faqitem][difl_faqitem question=&rdquo;Respecting the environment&rdquo; question_title_tag=&rdquo;h2&Prime; enable_answer_button=&rdquo;on&rdquo; button_text=&rdquo;Ask for personalized support&rdquo; button_url=&rdquo;\/en\/contact&rdquo; use_button_icon=&rdquo;on&rdquo; button_font_icon=&rdquo;$||divi||400&Prime; show_icon_hover=&rdquo;on&rdquo; _builder_version=&rdquo;4.27.4&Prime; background_image=&rdquo;https:\/\/aec-energyservices.com\/wp-content\/uploads\/2025\/04\/banniere-respect-de.-lenvironnement.jpg&rdquo; background_enable_image=&rdquo;on&rdquo; global_colors_info=&rdquo;{}&rdquo; que_wrapper_bg_bgcolor__hover=&rdquo;1px||||false|false&rdquo; que_wrapper_bg_bgcolor__hover_enabled=&rdquo;on|hover&rdquo;]<\/p>\n<div id=\"respecter\" class=\"ancre\">&nbsp;<\/div>\n<p>Aware of the impact of our activities on the environment, we have made <strong>preserving the planet<\/strong> a fundamental pillar of our strategy. We are actively engaged in the ecological transition by adopting circular economy practices and reducing our carbon footprint through the optimization of our processes and resources. Sustainable innovation is an integral part of our approach, and we seek to integrate ecological solutions into all our projects. Our aim is to contribute to a greener future, minimizing environmental impacts while guaranteeing quality services to our customers.<\/p>\n<p>[\/difl_faqitem][difl_faqitem question=&rdquo;Compliance and ethics&rdquo; question_title_tag=&rdquo;h2&Prime; enable_answer_button=&rdquo;on&rdquo; button_text=&rdquo;Ask for personalized support&rdquo; button_url=&rdquo;\/en\/contact&rdquo; use_button_icon=&rdquo;on&rdquo; button_font_icon=&rdquo;$||divi||400&Prime; show_icon_hover=&rdquo;on&rdquo; _builder_version=&rdquo;4.27.4&Prime; background_image=&rdquo;https:\/\/aec-energyservices.com\/wp-content\/uploads\/2025\/04\/banniere-conformite-et-ethique.jpg&rdquo; background_enable_image=&rdquo;on&rdquo; custom_css_free_form=&rdquo;selector img{||  width:100px;||}&rdquo; global_colors_info=&rdquo;{}&rdquo; que_wrapper_bg_bgcolor__hover=&rdquo;1px||||false|false&rdquo; que_wrapper_bg_bgcolor__hover_enabled=&rdquo;on|hover&rdquo;]<\/p>\n<div id=\"conformite\" class=\"ancre\">&nbsp;<\/div>\n<p><strong>Ethics and compliance<\/strong> are at the heart of our business, guiding our every action in compliance with local and international laws, regulations and standards. We are committed to conducting each project with transparency, integrity and fairness, guaranteeing rigorous governance practices. Our teams are trained to meet the highest standards, reinforcing the confidence of our customers and partners. This approach enables us to ensure the security, reliability and durability of our solutions, while maintaining transparent and ethical relations throughout our collaboration.<\/p>\n<p>What&rsquo;s more, we are ISO 9001 and ISO 45001 certified, international standards that testify to our commitment to excellence. ISO 9001 certification confirms our commitment to offering high-quality products and services, backed up by efficient processes and rigorous control to meet our customers&rsquo; expectations and drive continuous improvement.<\/p>\n<p>At the same time, ISO 45001 certification reflects our priority of guaranteeing a safe and healthy working environment, by identifying and controlling risks to protect our teams. These certifications reinforce our commitment to quality, safety and the trust of our partners.<\/p>\n<p>&nbsp;<\/p>\n<p>We also recently obtained ISO 14001 certification, demonstrating our commitment to environmental protection. It encourages us to control our environmental impact and adopt a sustainable approach in all our activities.<\/p>\n<p>&nbsp;<\/p>\n<p><img loading=\"lazy\" decoding=\"async\" class=\"wp-image-820 alignnone size-full\" src=\"https:\/\/aec-energyservices.com\/wp-content\/uploads\/2025\/04\/Logo-ISO-9001.jpg\" alt=\"AEC Energy Services certified ISO 9001\" width=\"208\" height=\"197\" title=\"Logo ISO 9001\"> <img loading=\"lazy\" decoding=\"async\" class=\"wp-image-821 alignnone size-full\" src=\"https:\/\/aec-energyservices.com\/wp-content\/uploads\/2025\/04\/Logo-ISO-14001.jpg\" alt=\"AEC Energy Services certified ISO 14001\" width=\"208\" height=\"197\" title=\"Logo ISO 14001\"> <img loading=\"lazy\" decoding=\"async\" class=\"wp-image-822 alignnone size-full\" src=\"https:\/\/aec-energyservices.com\/wp-content\/uploads\/2025\/04\/Logo-ISO-45001.jpg\" alt=\"AEC Energy Services certified ISO 45001\" width=\"209\" height=\"197\" title=\"Logo ISO 45001\"><\/p>\n<p>[\/difl_faqitem][\/difl_faq][\/et_pb_column][\/et_pb_row][\/et_pb_section]<\/p>\n","protected":false},"excerpt":{"rendered":"<p>At AEC Energy Services, we put people and sustainability at the heart of our business, and are committed to providing solutions that are safe, environmentally friendly and meet the highest standards. Our mission is to meet the needs of our customers, while making a positive contribution to society and the environment. Find out more about [&hellip;]<\/p>\n","protected":false},"author":1,"featured_media":1060,"parent":0,"menu_order":14,"comment_status":"closed","ping_status":"closed","template":"","meta":{"_acf_changed":false,"_et_pb_use_builder":"on","_et_pb_old_content":"","_et_gb_content_width":"","footnotes":""},"class_list":["post-1138","page","type-page","status-publish","has-post-thumbnail","hentry"],"acf":[],"yoast_head":"<!-- This site is optimized with the Yoast SEO plugin v27.0 - https:\/\/yoast.com\/product\/yoast-seo-wordpress\/ -->\n<title>Our commitments - AEC Energy Services<\/title>\n<meta name=\"description\" content=\"AEC Energy Services, certified ISO 9001, 14001, 45001, combines innovation, safety, and sustainability for strong CSR commitment.\" \/>\n<meta name=\"robots\" content=\"index, follow, max-snippet:-1, max-image-preview:large, max-video-preview:-1\" \/>\n<link rel=\"canonical\" href=\"https:\/\/aec-energyservices.com\/en\/our-commitments\/\" \/>\n<meta property=\"og:locale\" content=\"en_US\" \/>\n<meta property=\"og:type\" content=\"article\" \/>\n<meta property=\"og:title\" content=\"Our commitments - AEC Energy Services\" \/>\n<meta property=\"og:description\" content=\"AEC Energy Services, certified ISO 9001, 14001, 45001, combines innovation, safety, and sustainability for strong CSR commitment.\" \/>\n<meta property=\"og:url\" content=\"https:\/\/aec-energyservices.com\/en\/our-commitments\/\" \/>\n<meta property=\"og:site_name\" content=\"AEC Energy Services\" \/>\n<meta property=\"article:modified_time\" content=\"2025-05-19T14:39:21+00:00\" \/>\n<meta property=\"og:image\" content=\"https:\/\/aec-energyservices.com\/wp-content\/uploads\/2025\/04\/banniere-nos-engagements.jpg\" \/>\n\t<meta property=\"og:image:width\" content=\"1920\" \/>\n\t<meta property=\"og:image:height\" content=\"330\" \/>\n\t<meta property=\"og:image:type\" content=\"image\/jpeg\" \/>\n<meta name=\"twitter:card\" content=\"summary_large_image\" \/>\n<meta name=\"twitter:label1\" content=\"Est. reading time\" \/>\n\t<meta name=\"twitter:data1\" content=\"4 minutes\" \/>\n<script type=\"application\/ld+json\" class=\"yoast-schema-graph\">{\"@context\":\"https:\/\/schema.org\",\"@graph\":[{\"@type\":\"WebPage\",\"@id\":\"https:\/\/aec-energyservices.com\/en\/our-commitments\/\",\"url\":\"https:\/\/aec-energyservices.com\/en\/our-commitments\/\",\"name\":\"Our commitments - AEC Energy Services\",\"isPartOf\":{\"@id\":\"https:\/\/aec-energyservices.com\/en\/#website\"},\"primaryImageOfPage\":{\"@id\":\"https:\/\/aec-energyservices.com\/en\/our-commitments\/#primaryimage\"},\"image\":{\"@id\":\"https:\/\/aec-energyservices.com\/en\/our-commitments\/#primaryimage\"},\"thumbnailUrl\":\"https:\/\/aec-energyservices.com\/wp-content\/uploads\/2025\/04\/banniere-nos-engagements.jpg\",\"datePublished\":\"2025-04-14T06:50:41+00:00\",\"dateModified\":\"2025-05-19T14:39:21+00:00\",\"description\":\"AEC Energy Services, certified ISO 9001, 14001, 45001, combines innovation, safety, and sustainability for strong CSR commitment.\",\"breadcrumb\":{\"@id\":\"https:\/\/aec-energyservices.com\/en\/our-commitments\/#breadcrumb\"},\"inLanguage\":\"en-US\",\"potentialAction\":[{\"@type\":\"ReadAction\",\"target\":[\"https:\/\/aec-energyservices.com\/en\/our-commitments\/\"]}]},{\"@type\":\"ImageObject\",\"inLanguage\":\"en-US\",\"@id\":\"https:\/\/aec-energyservices.com\/en\/our-commitments\/#primaryimage\",\"url\":\"https:\/\/aec-energyservices.com\/wp-content\/uploads\/2025\/04\/banniere-nos-engagements.jpg\",\"contentUrl\":\"https:\/\/aec-energyservices.com\/wp-content\/uploads\/2025\/04\/banniere-nos-engagements.jpg\",\"width\":1920,\"height\":330,\"caption\":\"AEC Energy Services' commitments to quality, safety, sustainable development and social responsibility\"},{\"@type\":\"BreadcrumbList\",\"@id\":\"https:\/\/aec-energyservices.com\/en\/our-commitments\/#breadcrumb\",\"itemListElement\":[{\"@type\":\"ListItem\",\"position\":1,\"name\":\"Accueil\",\"item\":\"https:\/\/aec-energyservices.com\/en\/\"},{\"@type\":\"ListItem\",\"position\":2,\"name\":\"Our commitments\"}]},{\"@type\":\"WebSite\",\"@id\":\"https:\/\/aec-energyservices.com\/en\/#website\",\"url\":\"https:\/\/aec-energyservices.com\/en\/\",\"name\":\"AEC Energy Services\",\"description\":\"Sp\u00e9cialiste en \u00e9lectricit\u00e9 industrielle - HT \/ BT\",\"publisher\":{\"@id\":\"https:\/\/aec-energyservices.com\/en\/#organization\"},\"alternateName\":\"AEC\",\"potentialAction\":[{\"@type\":\"SearchAction\",\"target\":{\"@type\":\"EntryPoint\",\"urlTemplate\":\"https:\/\/aec-energyservices.com\/en\/?s={search_term_string}\"},\"query-input\":{\"@type\":\"PropertyValueSpecification\",\"valueRequired\":true,\"valueName\":\"search_term_string\"}}],\"inLanguage\":\"en-US\"},{\"@type\":\"Organization\",\"@id\":\"https:\/\/aec-energyservices.com\/en\/#organization\",\"name\":\"AEC Energy Services\",\"alternateName\":\"AEC\",\"url\":\"https:\/\/aec-energyservices.com\/en\/\",\"logo\":{\"@type\":\"ImageObject\",\"inLanguage\":\"en-US\",\"@id\":\"https:\/\/aec-energyservices.com\/en\/#\/schema\/logo\/image\/\",\"url\":\"https:\/\/aec-energyservices.com\/wp-content\/uploads\/2025\/03\/Logo-AEC-couleurs.svg\",\"contentUrl\":\"https:\/\/aec-energyservices.com\/wp-content\/uploads\/2025\/03\/Logo-AEC-couleurs.svg\",\"width\":1,\"height\":1,\"caption\":\"AEC Energy Services\"},\"image\":{\"@id\":\"https:\/\/aec-energyservices.com\/en\/#\/schema\/logo\/image\/\"},\"sameAs\":[\"https:\/\/www.linkedin.com\/company\/aec-energy-services\/\"]}]}<\/script>\n<!-- \/ Yoast SEO plugin. -->","yoast_head_json":{"title":"Our commitments - AEC Energy Services","description":"AEC Energy Services, certified ISO 9001, 14001, 45001, combines innovation, safety, and sustainability for strong CSR commitment.","robots":{"index":"index","follow":"follow","max-snippet":"max-snippet:-1","max-image-preview":"max-image-preview:large","max-video-preview":"max-video-preview:-1"},"canonical":"https:\/\/aec-energyservices.com\/en\/our-commitments\/","og_locale":"en_US","og_type":"article","og_title":"Our commitments - AEC Energy Services","og_description":"AEC Energy Services, certified ISO 9001, 14001, 45001, combines innovation, safety, and sustainability for strong CSR commitment.","og_url":"https:\/\/aec-energyservices.com\/en\/our-commitments\/","og_site_name":"AEC Energy Services","article_modified_time":"2025-05-19T14:39:21+00:00","og_image":[{"width":1920,"height":330,"url":"https:\/\/aec-energyservices.com\/wp-content\/uploads\/2025\/04\/banniere-nos-engagements.jpg","type":"image\/jpeg"}],"twitter_card":"summary_large_image","twitter_misc":{"Est. reading time":"4 minutes"},"schema":{"@context":"https:\/\/schema.org","@graph":[{"@type":"WebPage","@id":"https:\/\/aec-energyservices.com\/en\/our-commitments\/","url":"https:\/\/aec-energyservices.com\/en\/our-commitments\/","name":"Our commitments - AEC Energy Services","isPartOf":{"@id":"https:\/\/aec-energyservices.com\/en\/#website"},"primaryImageOfPage":{"@id":"https:\/\/aec-energyservices.com\/en\/our-commitments\/#primaryimage"},"image":{"@id":"https:\/\/aec-energyservices.com\/en\/our-commitments\/#primaryimage"},"thumbnailUrl":"https:\/\/aec-energyservices.com\/wp-content\/uploads\/2025\/04\/banniere-nos-engagements.jpg","datePublished":"2025-04-14T06:50:41+00:00","dateModified":"2025-05-19T14:39:21+00:00","description":"AEC Energy Services, certified ISO 9001, 14001, 45001, combines innovation, safety, and sustainability for strong CSR commitment.","breadcrumb":{"@id":"https:\/\/aec-energyservices.com\/en\/our-commitments\/#breadcrumb"},"inLanguage":"en-US","potentialAction":[{"@type":"ReadAction","target":["https:\/\/aec-energyservices.com\/en\/our-commitments\/"]}]},{"@type":"ImageObject","inLanguage":"en-US","@id":"https:\/\/aec-energyservices.com\/en\/our-commitments\/#primaryimage","url":"https:\/\/aec-energyservices.com\/wp-content\/uploads\/2025\/04\/banniere-nos-engagements.jpg","contentUrl":"https:\/\/aec-energyservices.com\/wp-content\/uploads\/2025\/04\/banniere-nos-engagements.jpg","width":1920,"height":330,"caption":"AEC Energy Services' commitments to quality, safety, sustainable development and social responsibility"},{"@type":"BreadcrumbList","@id":"https:\/\/aec-energyservices.com\/en\/our-commitments\/#breadcrumb","itemListElement":[{"@type":"ListItem","position":1,"name":"Accueil","item":"https:\/\/aec-energyservices.com\/en\/"},{"@type":"ListItem","position":2,"name":"Our commitments"}]},{"@type":"WebSite","@id":"https:\/\/aec-energyservices.com\/en\/#website","url":"https:\/\/aec-energyservices.com\/en\/","name":"AEC Energy Services","description":"Sp\u00e9cialiste en \u00e9lectricit\u00e9 industrielle - HT \/ BT","publisher":{"@id":"https:\/\/aec-energyservices.com\/en\/#organization"},"alternateName":"AEC","potentialAction":[{"@type":"SearchAction","target":{"@type":"EntryPoint","urlTemplate":"https:\/\/aec-energyservices.com\/en\/?s={search_term_string}"},"query-input":{"@type":"PropertyValueSpecification","valueRequired":true,"valueName":"search_term_string"}}],"inLanguage":"en-US"},{"@type":"Organization","@id":"https:\/\/aec-energyservices.com\/en\/#organization","name":"AEC Energy Services","alternateName":"AEC","url":"https:\/\/aec-energyservices.com\/en\/","logo":{"@type":"ImageObject","inLanguage":"en-US","@id":"https:\/\/aec-energyservices.com\/en\/#\/schema\/logo\/image\/","url":"https:\/\/aec-energyservices.com\/wp-content\/uploads\/2025\/03\/Logo-AEC-couleurs.svg","contentUrl":"https:\/\/aec-energyservices.com\/wp-content\/uploads\/2025\/03\/Logo-AEC-couleurs.svg","width":1,"height":1,"caption":"AEC Energy Services"},"image":{"@id":"https:\/\/aec-energyservices.com\/en\/#\/schema\/logo\/image\/"},"sameAs":["https:\/\/www.linkedin.com\/company\/aec-energy-services\/"]}]}},"_links":{"self":[{"href":"https:\/\/aec-energyservices.com\/en\/wp-json\/wp\/v2\/pages\/1138","targetHints":{"allow":["GET"]}}],"collection":[{"href":"https:\/\/aec-energyservices.com\/en\/wp-json\/wp\/v2\/pages"}],"about":[{"href":"https:\/\/aec-energyservices.com\/en\/wp-json\/wp\/v2\/types\/page"}],"author":[{"embeddable":true,"href":"https:\/\/aec-energyservices.com\/en\/wp-json\/wp\/v2\/users\/1"}],"replies":[{"embeddable":true,"href":"https:\/\/aec-energyservices.com\/en\/wp-json\/wp\/v2\/comments?post=1138"}],"version-history":[{"count":12,"href":"https:\/\/aec-energyservices.com\/en\/wp-json\/wp\/v2\/pages\/1138\/revisions"}],"predecessor-version":[{"id":1518,"href":"https:\/\/aec-energyservices.com\/en\/wp-json\/wp\/v2\/pages\/1138\/revisions\/1518"}],"wp:featuredmedia":[{"embeddable":true,"href":"https:\/\/aec-energyservices.com\/en\/wp-json\/wp\/v2\/media\/1060"}],"wp:attachment":[{"href":"https:\/\/aec-energyservices.com\/en\/wp-json\/wp\/v2\/media?parent=1138"}],"curies":[{"name":"wp","href":"https:\/\/api.w.org\/{rel}","templated":true}]}}