{"id":1133,"date":"2025-05-01T12:22:22","date_gmt":"2025-05-01T10:22:22","guid":{"rendered":"https:\/\/aec-energyservices.com\/contact\/"},"modified":"2025-05-19T16:40:46","modified_gmt":"2025-05-19T14:40:46","slug":"contact","status":"publish","type":"page","link":"https:\/\/aec-energyservices.com\/en\/contact\/","title":{"rendered":"Contact"},"content":{"rendered":"<?xml encoding=\"UTF-8\"><p>[et_pb_section fb_built=&rdquo;1&Prime; _builder_version=&rdquo;4.27.4&Prime; _module_preset=&rdquo;default&rdquo; da_disable_devices=&rdquo;off|off|off&rdquo; global_colors_info=&rdquo;{}&rdquo; da_is_popup=&rdquo;off&rdquo; da_exit_intent=&rdquo;off&rdquo; da_has_close=&rdquo;on&rdquo; da_alt_close=&rdquo;off&rdquo; da_dark_close=&rdquo;off&rdquo; da_not_modal=&rdquo;on&rdquo; da_is_singular=&rdquo;off&rdquo; da_with_loader=&rdquo;off&rdquo; da_has_shadow=&rdquo;on&rdquo;][et_pb_row column_structure=&rdquo;1_2,1_2&Prime; _builder_version=&rdquo;4.27.4&Prime; _module_preset=&rdquo;default&rdquo; global_colors_info=&rdquo;{}&rdquo;][et_pb_column type=&rdquo;1_2&Prime; _builder_version=&rdquo;4.27.4&Prime; _module_preset=&rdquo;default&rdquo; global_colors_info=&rdquo;{}&rdquo;][et_pb_text module_class=&rdquo;color-1&Prime; _builder_version=&rdquo;4.27.4&Prime; _module_preset=&rdquo;63fb4411-69c1-443d-80ba-db545dde7f34&Prime; header_2_font_size=&rdquo;25px&rdquo; background_layout=&rdquo;light&rdquo; custom_margin=&rdquo;||0px||false|false&rdquo; header_2_font_size_last_edited=&rdquo;off|desktop&rdquo; global_colors_info=&rdquo;{}&rdquo;]<\/p>\n<h2>Contact<\/h2>\n<p>[\/et_pb_text][difl_iconlist list_item_gap=&rdquo;0px&rdquo; _builder_version=&rdquo;4.27.4&Prime; _module_preset=&rdquo;default&rdquo; child_title_text_font=&rdquo;|300|||||||&rdquo; global_colors_info=&rdquo;{}&rdquo;][difl_iconlistitem list_item_title=&rdquo;04 66 43 10 11&Prime; list_item_title_tag=&rdquo;h3&Prime; list_item_icon=&rdquo;&#57488;||divi||400&Prime; _builder_version=&rdquo;4.27.4&Prime; link_option_url=&rdquo;tel:+33466431011&Prime; global_colors_info=&rdquo;{}&rdquo;][\/difl_iconlistitem][difl_iconlistitem list_item_title=&rdquo;10 Chem. des Deux Mas, 30100 Al&egrave;s&rdquo; list_item_title_tag=&rdquo;h3&Prime; list_item_icon=&rdquo;&#57473;||divi||400&Prime; _builder_version=&rdquo;4.27.4&Prime; link_option_url=&rdquo;https:\/\/www.google.com\/maps?um=1&amp;ie=UTF-8&amp;fb=1&amp;gl=fr&amp;sa=X&amp;geocode=KWPvhSW4Q7QSMcRWSrWy3lzJ&amp;daddr=10+Chem.+des+Deux+Mas,+30100+Al%C3%A8s&rdquo; link_option_url_new_window=&rdquo;on&rdquo; global_colors_info=&rdquo;{}&rdquo;][\/difl_iconlistitem][\/difl_iconlist][et_pb_text module_class=&rdquo;color-1&Prime; _builder_version=&rdquo;4.27.4&Prime; _module_preset=&rdquo;63fb4411-69c1-443d-80ba-db545dde7f34&Prime; header_2_font_size=&rdquo;25px&rdquo; background_layout=&rdquo;light&rdquo; custom_margin=&rdquo;||0px||false|false&rdquo; header_2_font_size_last_edited=&rdquo;off|desktop&rdquo; global_colors_info=&rdquo;{}&rdquo;]<\/p>\n<h2>Follow us<\/h2>\n<p>[\/et_pb_text][et_pb_social_media_follow follow_button=&rdquo;on&rdquo; _builder_version=&rdquo;4.27.4&Prime; _module_preset=&rdquo;default&rdquo; border_radii=&rdquo;on|10px|10px|10px|10px&rdquo; global_colors_info=&rdquo;{}&rdquo;][et_pb_social_media_follow_network social_network=&rdquo;linkedin&rdquo; url=&rdquo;https:\/\/www.linkedin.com\/company\/aec-energy-services\/&rdquo; _builder_version=&rdquo;4.27.4&Prime; _module_preset=&rdquo;default&rdquo; background_color=&rdquo;#123452&Prime; background_enable_color=&rdquo;on&rdquo; global_colors_info=&rdquo;{}&rdquo; follow_button=&rdquo;on&rdquo; url_new_window=&rdquo;on&rdquo;]linkedin[\/et_pb_social_media_follow_network][\/et_pb_social_media_follow][\/et_pb_column][et_pb_column type=&rdquo;1_2&Prime; _builder_version=&rdquo;4.27.4&Prime; _module_preset=&rdquo;default&rdquo; background_color=&rdquo;rgba(39,44,90,0.1)&rdquo; custom_padding=&rdquo;30px|30px|30px|30px|true|true&rdquo; global_colors_info=&rdquo;{}&rdquo;][et_pb_text module_class=&rdquo;color-1&Prime; _builder_version=&rdquo;4.27.4&Prime; _module_preset=&rdquo;63fb4411-69c1-443d-80ba-db545dde7f34&Prime; header_2_font_size=&rdquo;25px&rdquo; background_layout=&rdquo;light&rdquo; custom_margin=&rdquo;||0px||false|false&rdquo; header_2_font_size_last_edited=&rdquo;off|desktop&rdquo; global_colors_info=&rdquo;{}&rdquo;]<\/p>\n<h2>Contact us<\/h2>\n<p>[\/et_pb_text][difl_cfseven cf7_forms=&rdquo;377&Prime; _builder_version=&rdquo;4.27.4&Prime; _module_preset=&rdquo;default&rdquo; custom_css_after=&rdquo;content:%22* champ obligatoire%22;||font-size:12px;||margin-top:20px;||color:#666;||display:inline-block;||font-style:italic;&rdquo; custom_css_free_form=&rdquo;selector .wpcf7-acceptance .wpcf7-list-item-label a{||  color: var(&ndash;color-1) !important;||  text-decoration:underline;||}||selector .wpcf7-acceptance .wpcf7-list-item-label{||\tfont-size:13px;||  line-height:1em;||}||selector .wpcf7-acceptance{||  margin:10px 0 20px;||  display:block;||}||selector .wpcf7-form-control.wpcf7-textarea{||  height:140px;||}||selector ul{||  padding: 0 0 0 1em;||}||selector .wpcf7-submit{||  background:var(&ndash;color-2);||  padding:10px 20px;||}&rdquo; global_colors_info=&rdquo;{}&rdquo;][\/difl_cfseven][\/et_pb_column][\/et_pb_row][\/et_pb_section]<\/p>\n","protected":false},"excerpt":{"rendered":"<p>Contact<div class=\"et_pb_module difl_iconlist difl_iconlist_0\">\n\t\t\t\t\n\t\t\t\t\n\t\t\t\t\n\t\t\t\t\n\t\t\t\t\n\t\t\t\t\n\t\t\t\t<div class=\"et_pb_module_inner\">\n\t\t\t\t\t<ul class=\"difl_iconlist_container\" style=\"list-style-type: none;\"><li class=\"et_pb_module difl_iconlistitem difl_iconlistitem_0 et_clickable\">\r\n\t\t\t\t\r\n\t\t\t\t\r\n\t\t\t\t\r\n\t\t\t\t\r\n\t\t\t\t\r\n\t\t\t\t\r\n\t\t\t\t<div class=\"et_pb_module_inner\">\r\n\t\t\t\t\t<span class=\"item-elements et_pb_with_background\">\r\n                    <span class=\"item-elements-group\"><span class=\"difl_icon_item_container\"><span class=\"difl_icon_item_icon_wrapper\"><span class=\"icon-element\"><span class=\"et-pb-icon difl_list_icon\">\ue090<\/span><\/span><\/span> <span class=\"difl_icon_item_content_wrapper\"><h3 class=\"difl_icon_item_header et_pb_with_background\"><span>04 66 43 10 11<\/span><\/h3><\/span><\/span><\/span>\r\n                    <span class=\"item-tooltip-data\" style=\"display:none\"><\/span>\r\n                <\/span>\r\n\t\t\t\t<\/div>\r\n\t\t\t<\/li><li class=\"et_pb_module difl_iconlistitem difl_iconlistitem_1 et_clickable\">\r\n\t\t\t\t\r\n\t\t\t\t\r\n\t\t\t\t\r\n\t\t\t\t\r\n\t\t\t\t\r\n\t\t\t\t\r\n\t\t\t\t<div class=\"et_pb_module_inner\">\r\n\t\t\t\t\t<span class=\"item-elements et_pb_with_background\">\r\n                    <span class=\"item-elements-group\"><span class=\"difl_icon_item_container\"><span class=\"difl_icon_item_icon_wrapper\"><span class=\"icon-element\"><span class=\"et-pb-icon difl_list_icon\">\ue081<\/span><\/span><\/span> <span class=\"difl_icon_item_content_wrapper\"><h3 class=\"difl_icon_item_header et_pb_with_background\"><span>10 Chem. des Deux Mas, 30100 Al\u00e8s<\/span><\/h3><\/span><\/span><\/span>\r\n                    <span class=\"item-tooltip-data\" style=\"display:none\"><\/span>\r\n                <\/span>\r\n\t\t\t\t<\/div>\r\n\t\t\t<\/li><\/ul>\n\t\t\t\t<\/div>\n\t\t\t<\/div>Follow usContact us<div class=\"et_pb_with_border et_pb_module difl_cfseven difl_cfseven_0\">\n\t\t\t\t\n\t\t\t\t\n\t\t\t\t\n\t\t\t\t\n\t\t\t\t\n\t\t\t\t\n\t\t\t\t<div class=\"et_pb_module_inner\">\n\t\t\t\t\t<div class=\"df-cf7-container\"><p class=\"wpcf7-contact-form-not-found\"><strong>Error:<\/strong> Contact form not found.<\/p><\/div>\n\t\t\t\t<\/div>\n\t\t\t<\/div><\/p>\n","protected":false},"author":1,"featured_media":1032,"parent":0,"menu_order":21,"comment_status":"closed","ping_status":"closed","template":"","meta":{"_acf_changed":false,"_et_pb_use_builder":"on","_et_pb_old_content":"","_et_gb_content_width":"","footnotes":""},"class_list":["post-1133","page","type-page","status-publish","has-post-thumbnail","hentry"],"acf":[],"yoast_head":"<!-- This site is optimized with the Yoast SEO plugin v27.0 - https:\/\/yoast.com\/product\/yoast-seo-wordpress\/ -->\n<title>Contact - AEC Energy Services<\/title>\n<meta name=\"description\" content=\"Contact AEC Energy Services for your industrial electrical projects, sustainable solutions, and technical training. Fast response and personalized support.\" \/>\n<meta name=\"robots\" content=\"index, follow, max-snippet:-1, max-image-preview:large, max-video-preview:-1\" \/>\n<link rel=\"canonical\" href=\"https:\/\/aec-energyservices.com\/en\/contact\/\" \/>\n<meta property=\"og:locale\" content=\"en_US\" \/>\n<meta property=\"og:type\" content=\"article\" \/>\n<meta property=\"og:title\" content=\"Contact - AEC Energy Services\" \/>\n<meta property=\"og:description\" content=\"Contact AEC Energy Services for your industrial electrical projects, sustainable solutions, and technical training. Fast response and personalized support.\" \/>\n<meta property=\"og:url\" content=\"https:\/\/aec-energyservices.com\/en\/contact\/\" \/>\n<meta property=\"og:site_name\" content=\"AEC Energy Services\" \/>\n<meta property=\"article:modified_time\" content=\"2025-05-19T14:40:46+00:00\" \/>\n<meta property=\"og:image\" content=\"https:\/\/aec-energyservices.com\/wp-content\/uploads\/2025\/04\/banniere-recrutement-3.jpg\" \/>\n\t<meta property=\"og:image:width\" content=\"1920\" \/>\n\t<meta property=\"og:image:height\" content=\"330\" \/>\n\t<meta property=\"og:image:type\" content=\"image\/jpeg\" \/>\n<meta name=\"twitter:card\" content=\"summary_large_image\" \/>\n<meta name=\"twitter:label1\" content=\"Est. reading time\" \/>\n\t<meta name=\"twitter:data1\" content=\"1 minute\" \/>\n<script type=\"application\/ld+json\" class=\"yoast-schema-graph\">{\"@context\":\"https:\/\/schema.org\",\"@graph\":[{\"@type\":\"WebPage\",\"@id\":\"https:\/\/aec-energyservices.com\/en\/contact\/\",\"url\":\"https:\/\/aec-energyservices.com\/en\/contact\/\",\"name\":\"Contact - AEC Energy Services\",\"isPartOf\":{\"@id\":\"https:\/\/aec-energyservices.com\/en\/#website\"},\"primaryImageOfPage\":{\"@id\":\"https:\/\/aec-energyservices.com\/en\/contact\/#primaryimage\"},\"image\":{\"@id\":\"https:\/\/aec-energyservices.com\/en\/contact\/#primaryimage\"},\"thumbnailUrl\":\"https:\/\/aec-energyservices.com\/wp-content\/uploads\/2025\/04\/banniere-recrutement-3.jpg\",\"datePublished\":\"2025-05-01T10:22:22+00:00\",\"dateModified\":\"2025-05-19T14:40:46+00:00\",\"description\":\"Contact AEC Energy Services for your industrial electrical projects, sustainable solutions, and technical training. Fast response and personalized support.\",\"breadcrumb\":{\"@id\":\"https:\/\/aec-energyservices.com\/en\/contact\/#breadcrumb\"},\"inLanguage\":\"en-US\",\"potentialAction\":[{\"@type\":\"ReadAction\",\"target\":[\"https:\/\/aec-energyservices.com\/en\/contact\/\"]}]},{\"@type\":\"ImageObject\",\"inLanguage\":\"en-US\",\"@id\":\"https:\/\/aec-energyservices.com\/en\/contact\/#primaryimage\",\"url\":\"https:\/\/aec-energyservices.com\/wp-content\/uploads\/2025\/04\/banniere-recrutement-3.jpg\",\"contentUrl\":\"https:\/\/aec-energyservices.com\/wp-content\/uploads\/2025\/04\/banniere-recrutement-3.jpg\",\"width\":1920,\"height\":330,\"caption\":\"Recruitment opportunities at AEC Energy Services in the industrial electrical solutions sector\"},{\"@type\":\"BreadcrumbList\",\"@id\":\"https:\/\/aec-energyservices.com\/en\/contact\/#breadcrumb\",\"itemListElement\":[{\"@type\":\"ListItem\",\"position\":1,\"name\":\"Accueil\",\"item\":\"https:\/\/aec-energyservices.com\/en\/\"},{\"@type\":\"ListItem\",\"position\":2,\"name\":\"Contact\"}]},{\"@type\":\"WebSite\",\"@id\":\"https:\/\/aec-energyservices.com\/en\/#website\",\"url\":\"https:\/\/aec-energyservices.com\/en\/\",\"name\":\"AEC Energy Services\",\"description\":\"Sp\u00e9cialiste en \u00e9lectricit\u00e9 industrielle - HT \/ BT\",\"publisher\":{\"@id\":\"https:\/\/aec-energyservices.com\/en\/#organization\"},\"alternateName\":\"AEC\",\"potentialAction\":[{\"@type\":\"SearchAction\",\"target\":{\"@type\":\"EntryPoint\",\"urlTemplate\":\"https:\/\/aec-energyservices.com\/en\/?s={search_term_string}\"},\"query-input\":{\"@type\":\"PropertyValueSpecification\",\"valueRequired\":true,\"valueName\":\"search_term_string\"}}],\"inLanguage\":\"en-US\"},{\"@type\":\"Organization\",\"@id\":\"https:\/\/aec-energyservices.com\/en\/#organization\",\"name\":\"AEC Energy Services\",\"alternateName\":\"AEC\",\"url\":\"https:\/\/aec-energyservices.com\/en\/\",\"logo\":{\"@type\":\"ImageObject\",\"inLanguage\":\"en-US\",\"@id\":\"https:\/\/aec-energyservices.com\/en\/#\/schema\/logo\/image\/\",\"url\":\"https:\/\/aec-energyservices.com\/wp-content\/uploads\/2025\/03\/Logo-AEC-couleurs.svg\",\"contentUrl\":\"https:\/\/aec-energyservices.com\/wp-content\/uploads\/2025\/03\/Logo-AEC-couleurs.svg\",\"width\":1,\"height\":1,\"caption\":\"AEC Energy Services\"},\"image\":{\"@id\":\"https:\/\/aec-energyservices.com\/en\/#\/schema\/logo\/image\/\"},\"sameAs\":[\"https:\/\/www.linkedin.com\/company\/aec-energy-services\/\"]}]}<\/script>\n<!-- \/ Yoast SEO plugin. -->","yoast_head_json":{"title":"Contact - AEC Energy Services","description":"Contact AEC Energy Services for your industrial electrical projects, sustainable solutions, and technical training. Fast response and personalized support.","robots":{"index":"index","follow":"follow","max-snippet":"max-snippet:-1","max-image-preview":"max-image-preview:large","max-video-preview":"max-video-preview:-1"},"canonical":"https:\/\/aec-energyservices.com\/en\/contact\/","og_locale":"en_US","og_type":"article","og_title":"Contact - AEC Energy Services","og_description":"Contact AEC Energy Services for your industrial electrical projects, sustainable solutions, and technical training. Fast response and personalized support.","og_url":"https:\/\/aec-energyservices.com\/en\/contact\/","og_site_name":"AEC Energy Services","article_modified_time":"2025-05-19T14:40:46+00:00","og_image":[{"width":1920,"height":330,"url":"https:\/\/aec-energyservices.com\/wp-content\/uploads\/2025\/04\/banniere-recrutement-3.jpg","type":"image\/jpeg"}],"twitter_card":"summary_large_image","twitter_misc":{"Est. reading time":"1 minute"},"schema":{"@context":"https:\/\/schema.org","@graph":[{"@type":"WebPage","@id":"https:\/\/aec-energyservices.com\/en\/contact\/","url":"https:\/\/aec-energyservices.com\/en\/contact\/","name":"Contact - AEC Energy Services","isPartOf":{"@id":"https:\/\/aec-energyservices.com\/en\/#website"},"primaryImageOfPage":{"@id":"https:\/\/aec-energyservices.com\/en\/contact\/#primaryimage"},"image":{"@id":"https:\/\/aec-energyservices.com\/en\/contact\/#primaryimage"},"thumbnailUrl":"https:\/\/aec-energyservices.com\/wp-content\/uploads\/2025\/04\/banniere-recrutement-3.jpg","datePublished":"2025-05-01T10:22:22+00:00","dateModified":"2025-05-19T14:40:46+00:00","description":"Contact AEC Energy Services for your industrial electrical projects, sustainable solutions, and technical training. Fast response and personalized support.","breadcrumb":{"@id":"https:\/\/aec-energyservices.com\/en\/contact\/#breadcrumb"},"inLanguage":"en-US","potentialAction":[{"@type":"ReadAction","target":["https:\/\/aec-energyservices.com\/en\/contact\/"]}]},{"@type":"ImageObject","inLanguage":"en-US","@id":"https:\/\/aec-energyservices.com\/en\/contact\/#primaryimage","url":"https:\/\/aec-energyservices.com\/wp-content\/uploads\/2025\/04\/banniere-recrutement-3.jpg","contentUrl":"https:\/\/aec-energyservices.com\/wp-content\/uploads\/2025\/04\/banniere-recrutement-3.jpg","width":1920,"height":330,"caption":"Recruitment opportunities at AEC Energy Services in the industrial electrical solutions sector"},{"@type":"BreadcrumbList","@id":"https:\/\/aec-energyservices.com\/en\/contact\/#breadcrumb","itemListElement":[{"@type":"ListItem","position":1,"name":"Accueil","item":"https:\/\/aec-energyservices.com\/en\/"},{"@type":"ListItem","position":2,"name":"Contact"}]},{"@type":"WebSite","@id":"https:\/\/aec-energyservices.com\/en\/#website","url":"https:\/\/aec-energyservices.com\/en\/","name":"AEC Energy Services","description":"Sp\u00e9cialiste en \u00e9lectricit\u00e9 industrielle - HT \/ BT","publisher":{"@id":"https:\/\/aec-energyservices.com\/en\/#organization"},"alternateName":"AEC","potentialAction":[{"@type":"SearchAction","target":{"@type":"EntryPoint","urlTemplate":"https:\/\/aec-energyservices.com\/en\/?s={search_term_string}"},"query-input":{"@type":"PropertyValueSpecification","valueRequired":true,"valueName":"search_term_string"}}],"inLanguage":"en-US"},{"@type":"Organization","@id":"https:\/\/aec-energyservices.com\/en\/#organization","name":"AEC Energy Services","alternateName":"AEC","url":"https:\/\/aec-energyservices.com\/en\/","logo":{"@type":"ImageObject","inLanguage":"en-US","@id":"https:\/\/aec-energyservices.com\/en\/#\/schema\/logo\/image\/","url":"https:\/\/aec-energyservices.com\/wp-content\/uploads\/2025\/03\/Logo-AEC-couleurs.svg","contentUrl":"https:\/\/aec-energyservices.com\/wp-content\/uploads\/2025\/03\/Logo-AEC-couleurs.svg","width":1,"height":1,"caption":"AEC Energy Services"},"image":{"@id":"https:\/\/aec-energyservices.com\/en\/#\/schema\/logo\/image\/"},"sameAs":["https:\/\/www.linkedin.com\/company\/aec-energy-services\/"]}]}},"_links":{"self":[{"href":"https:\/\/aec-energyservices.com\/en\/wp-json\/wp\/v2\/pages\/1133","targetHints":{"allow":["GET"]}}],"collection":[{"href":"https:\/\/aec-energyservices.com\/en\/wp-json\/wp\/v2\/pages"}],"about":[{"href":"https:\/\/aec-energyservices.com\/en\/wp-json\/wp\/v2\/types\/page"}],"author":[{"embeddable":true,"href":"https:\/\/aec-energyservices.com\/en\/wp-json\/wp\/v2\/users\/1"}],"replies":[{"embeddable":true,"href":"https:\/\/aec-energyservices.com\/en\/wp-json\/wp\/v2\/comments?post=1133"}],"version-history":[{"count":4,"href":"https:\/\/aec-energyservices.com\/en\/wp-json\/wp\/v2\/pages\/1133\/revisions"}],"predecessor-version":[{"id":1322,"href":"https:\/\/aec-energyservices.com\/en\/wp-json\/wp\/v2\/pages\/1133\/revisions\/1322"}],"wp:featuredmedia":[{"embeddable":true,"href":"https:\/\/aec-energyservices.com\/en\/wp-json\/wp\/v2\/media\/1032"}],"wp:attachment":[{"href":"https:\/\/aec-energyservices.com\/en\/wp-json\/wp\/v2\/media?parent=1133"}],"curies":[{"name":"wp","href":"https:\/\/api.w.org\/{rel}","templated":true}]}}