{"id":1130,"date":"2025-05-01T14:00:42","date_gmt":"2025-05-01T12:00:42","guid":{"rendered":"https:\/\/aec-energyservices.com\/site-map\/"},"modified":"2025-05-02T11:16:37","modified_gmt":"2025-05-02T09:16:37","slug":"site-map","status":"publish","type":"page","link":"https:\/\/aec-energyservices.com\/en\/site-map\/","title":{"rendered":"Site map"},"content":{"rendered":"<?xml encoding=\"UTF-8\"><p>[et_pb_section fb_built=&rdquo;1&Prime; _builder_version=&rdquo;4.27.4&Prime; _module_preset=&rdquo;default&rdquo; da_disable_devices=&rdquo;off|off|off&rdquo; global_colors_info=&rdquo;{}&rdquo; da_is_popup=&rdquo;off&rdquo; da_exit_intent=&rdquo;off&rdquo; da_has_close=&rdquo;on&rdquo; da_alt_close=&rdquo;off&rdquo; da_dark_close=&rdquo;off&rdquo; da_not_modal=&rdquo;on&rdquo; da_is_singular=&rdquo;off&rdquo; da_with_loader=&rdquo;off&rdquo; da_has_shadow=&rdquo;on&rdquo;][et_pb_row _builder_version=&rdquo;4.27.4&Prime; _module_preset=&rdquo;default&rdquo; global_colors_info=&rdquo;{}&rdquo;][et_pb_column type=&rdquo;4_4&Prime; _builder_version=&rdquo;4.27.4&Prime; _module_preset=&rdquo;default&rdquo; global_colors_info=&rdquo;{}&rdquo;][et_pb_text _builder_version=&rdquo;4.27.4&Prime; _module_preset=&rdquo;default&rdquo; hover_enabled=&rdquo;0&Prime; global_colors_info=&rdquo;{}&rdquo; sticky_enabled=&rdquo;0&Prime;]<\/p>\n<p><\/p><div class=\"wsp-container\"><h2 class=\"wsp-pages-title\">Pages<\/h2>\n<ul class=\"wsp-pages-list\">\n<li class=\"page_item page-item-1161\"><a href=\"https:\/\/aec-energyservices.com\/en\/\">Home<\/a><\/li>\n<li class=\"page_item page-item-1171\"><a href=\"https:\/\/aec-energyservices.com\/en\/our-services\/\">Our services<\/a><\/li>\n<li class=\"page_item page-item-1151\"><a href=\"https:\/\/aec-energyservices.com\/en\/aec-power\/\">AEC Power<\/a><\/li>\n<li class=\"page_item page-item-1146\"><a href=\"https:\/\/aec-energyservices.com\/en\/aec-impact\/\">AEC Impact<\/a><\/li>\n<li class=\"page_item page-item-1145\"><a href=\"https:\/\/aec-energyservices.com\/en\/aec-academy\/\">AEC Academy<\/a><\/li>\n<li class=\"page_item page-item-1162\"><a href=\"https:\/\/aec-energyservices.com\/en\/our-applications\/\">Our applications<\/a><\/li>\n<li class=\"page_item page-item-1138\"><a href=\"https:\/\/aec-energyservices.com\/en\/our-commitments\/\">Our commitments<\/a><\/li>\n<li class=\"page_item page-item-1135\"><a href=\"https:\/\/aec-energyservices.com\/en\/our-company-aec\/\">Our company AEC<\/a><\/li>\n<li class=\"page_item page-item-1137\"><a href=\"https:\/\/aec-energyservices.com\/en\/our-references\/\">Our references<\/a><\/li>\n<li class=\"page_item page-item-1154\"><a href=\"https:\/\/aec-energyservices.com\/en\/news\/\">News<\/a><\/li>\n<li class=\"page_item page-item-1133\"><a href=\"https:\/\/aec-energyservices.com\/en\/contact\/\">Contact<\/a><\/li>\n<li class=\"page_item page-item-1158\"><a href=\"https:\/\/aec-energyservices.com\/en\/recruitment\/\">Recruitment<\/a><\/li>\n<li class=\"page_item page-item-1177\"><a href=\"https:\/\/aec-energyservices.com\/en\/legal-notice-privacy-policy-and-cookies\/\">Legal notice, privacy policy and cookies<\/a><\/li>\n<\/ul>\n<\/div><br><div class=\"wsp-container\"><h2 class=\"wsp-posts-title\">Posts by category<\/h2>\n<ul class=\"wsp-posts-list\">\n\t<li><strong class=\"wsp-category-title\"><a href=\"https:\/\/aec-energyservices.com\/en\/category\/news\/\">News<\/a><\/strong>\n<ul class=\"wsp-posts-list\">\t\t<li class=\"wsp-post\"><a href=\"https:\/\/aec-energyservices.com\/comprendre-les-couts-d-un-transformateur-industriel\/\">Comprendre les co&ucirc;ts d&rsquo;un transformateur industriel<\/a><\/li>\n\t\t<li class=\"wsp-post\"><a href=\"https:\/\/aec-energyservices.com\/en\/understanding-the-costs-of-an-industrial-transformer\/\">Understanding the costs of an industrial transformer<\/a><\/li>\n\t\t<li class=\"wsp-post\"><a href=\"https:\/\/aec-energyservices.com\/en\/safety-reliability-and-performance-for-the-oil-industry-in-gabon-discover-schneider-electrics-rm6\/\">Safety, Reliability, and Performance for the Oil Industry in Gabon: Discover Schneider Electric&rsquo;s RM6<\/a><\/li>\n\t\t<li class=\"wsp-post\"><a href=\"https:\/\/aec-energyservices.com\/securite-fiabilite-et-performance-pour-lindustrie-petroliere-au-gabon-decouvrez-le-rm6-de-schneider-electric\/\">S&eacute;curit&eacute;, fiabilit&eacute; et performance pour l&rsquo;industrie p&eacute;troli&egrave;re au Gabon : D&eacute;couvrez le RM6 de Schneider Electric<\/a><\/li>\n\t\t<li class=\"wsp-post\"><a href=\"https:\/\/aec-energyservices.com\/qualite-rapidite-fiabilite-la-recette-dune-commande-reussie-dans-l-industrie-petroliere\/\">Qualit&eacute;, rapidit&eacute;, fiabilit&eacute; : la recette d&rsquo;une commande r&eacute;ussie dans l&rsquo;industrie p&eacute;troli&egrave;re<\/a><\/li>\n\t\t<li class=\"wsp-post\"><a href=\"https:\/\/aec-energyservices.com\/en\/quality-speed-reliability-the-recipe-for-a-successful-order-in-the-oil-industry\/\">Quality, speed, reliability: the recipe for a successful order in the oil industry<\/a><\/li>\n\t\t<li class=\"wsp-post\"><a href=\"https:\/\/aec-energyservices.com\/en\/abb-cell-audit-multi-site-mission-for-an-oil-industry-player-in-gabon\/\">ABB Switchgear Audit: Multi-Site Mission for an Oil &amp; Gas Operator in Gabon<\/a><\/li>\n\t\t<li class=\"wsp-post\"><a href=\"https:\/\/aec-energyservices.com\/audit-de-cellules-abb-mission-multisite-pour-un-acteur-petrolier-au-gabon\/\">Audit de cellules ABB : Mission multisite pour un acteur p&eacute;trolier au Gabon<\/a><\/li>\n\t\t<li class=\"wsp-post\"><a href=\"https:\/\/aec-energyservices.com\/en\/lightning-audit-in-west-africa-securing-industrial-infrastructures-with-expertise\/\">Lightning audit in West Africa: Securing industrial infrastructures with expertise.<\/a><\/li>\n\t\t<li class=\"wsp-post\"><a href=\"https:\/\/aec-energyservices.com\/audit-foudre-en-afrique-de-louest-securiser-les-infrastructures-industrielles-avec-expertise\/\">Audit foudre en Afrique de l&rsquo;Ouest : S&eacute;curiser les infrastructures industrielles avec expertise<\/a><\/li>\n<\/ul><\/li>\n<\/ul>\n<\/div><br><div class=\"wsp-container\"><h2 class=\"wsp-offre-demplois-title\">Offres d'emploi<\/h2>\n<ul class=\"wsp-offre-demplois-list\">\n<li><a href=\"https:\/\/aec-energyservices.com\/en\/offre-demploi\/field-sales-expert-m-f\/\">FIELD SALES EXPERT M\/F<\/a><\/li>\n<li><a href=\"https:\/\/aec-energyservices.com\/en\/offre-demploi\/project-manager-design-and-costing-m-f\/\">PROJECT MANAGER (DESIGN AND COSTING) M\/F<\/a><\/li>\n<\/ul>\n<\/div><br><div class=\"wsp-container\"><h2 class=\"wsp-projects-title\">R&eacute;alisations<\/h2>\n<ul class=\"wsp-projects-list\">\n<li><a href=\"https:\/\/aec-energyservices.com\/en\/realisation\/transformers-maurel-prom\/\">Transformers<\/a><\/li>\n<\/ul>\n<\/div>\n<p>[\/et_pb_text][\/et_pb_column][\/et_pb_row][\/et_pb_section]<\/p>\n","protected":false},"excerpt":{"rendered":"<p><div class=\"wsp-container\"><h2 class=\"wsp-pages-title\">Pages<\/h2>\n<ul class=\"wsp-pages-list\">\n<li class=\"page_item page-item-1161\"><a href=\"https:\/\/aec-energyservices.com\/en\/\">Home<\/a><\/li>\n<li class=\"page_item page-item-1171\"><a href=\"https:\/\/aec-energyservices.com\/en\/our-services\/\">Our services<\/a><\/li>\n<li class=\"page_item page-item-1151\"><a href=\"https:\/\/aec-energyservices.com\/en\/aec-power\/\">AEC Power<\/a><\/li>\n<li class=\"page_item page-item-1146\"><a href=\"https:\/\/aec-energyservices.com\/en\/aec-impact\/\">AEC Impact<\/a><\/li>\n<li class=\"page_item page-item-1145\"><a href=\"https:\/\/aec-energyservices.com\/en\/aec-academy\/\">AEC Academy<\/a><\/li>\n<li class=\"page_item page-item-1162\"><a href=\"https:\/\/aec-energyservices.com\/en\/our-applications\/\">Our applications<\/a><\/li>\n<li class=\"page_item page-item-1138\"><a href=\"https:\/\/aec-energyservices.com\/en\/our-commitments\/\">Our commitments<\/a><\/li>\n<li class=\"page_item page-item-1135\"><a href=\"https:\/\/aec-energyservices.com\/en\/our-company-aec\/\">Our company AEC<\/a><\/li>\n<li class=\"page_item page-item-1137\"><a href=\"https:\/\/aec-energyservices.com\/en\/our-references\/\">Our references<\/a><\/li>\n<li class=\"page_item page-item-1154\"><a href=\"https:\/\/aec-energyservices.com\/en\/news\/\">News<\/a><\/li>\n<li class=\"page_item page-item-1133\"><a href=\"https:\/\/aec-energyservices.com\/en\/contact\/\">Contact<\/a><\/li>\n<li class=\"page_item page-item-1158\"><a href=\"https:\/\/aec-energyservices.com\/en\/recruitment\/\">Recruitment<\/a><\/li>\n<li class=\"page_item page-item-1177\"><a href=\"https:\/\/aec-energyservices.com\/en\/legal-notice-privacy-policy-and-cookies\/\">Legal notice, privacy policy and cookies<\/a><\/li>\n<\/ul>\n<\/div><div class=\"wsp-container\"><h2 class=\"wsp-posts-title\">Posts by category<\/h2>\n<ul class=\"wsp-posts-list\">\n\t<li><strong class=\"wsp-category-title\"><a href=\"https:\/\/aec-energyservices.com\/en\/category\/news\/\">News<\/a><\/strong>\n<ul class=\"wsp-posts-list\">\t\t<li class=\"wsp-post\"><a href=\"https:\/\/aec-energyservices.com\/comprendre-les-couts-d-un-transformateur-industriel\/\">Comprendre les co\u00fbts d\u2019un transformateur industriel<\/a><\/li>\n\t\t<li class=\"wsp-post\"><a href=\"https:\/\/aec-energyservices.com\/en\/understanding-the-costs-of-an-industrial-transformer\/\">Understanding the costs of an industrial transformer<\/a><\/li>\n\t\t<li class=\"wsp-post\"><a href=\"https:\/\/aec-energyservices.com\/en\/safety-reliability-and-performance-for-the-oil-industry-in-gabon-discover-schneider-electrics-rm6\/\">Safety, Reliability, and Performance for the Oil Industry in Gabon: Discover Schneider Electric&#8217;s RM6<\/a><\/li>\n\t\t<li class=\"wsp-post\"><a href=\"https:\/\/aec-energyservices.com\/securite-fiabilite-et-performance-pour-lindustrie-petroliere-au-gabon-decouvrez-le-rm6-de-schneider-electric\/\">S\u00e9curit\u00e9, fiabilit\u00e9 et performance pour l\u2019industrie p\u00e9troli\u00e8re au Gabon : D\u00e9couvrez le RM6 de Schneider Electric<\/a><\/li>\n\t\t<li class=\"wsp-post\"><a href=\"https:\/\/aec-energyservices.com\/qualite-rapidite-fiabilite-la-recette-dune-commande-reussie-dans-l-industrie-petroliere\/\">Qualit\u00e9, rapidit\u00e9, fiabilit\u00e9 : la recette d\u2019une commande r\u00e9ussie dans l\u2019industrie p\u00e9troli\u00e8re<\/a><\/li>\n\t\t<li class=\"wsp-post\"><a href=\"https:\/\/aec-energyservices.com\/en\/quality-speed-reliability-the-recipe-for-a-successful-order-in-the-oil-industry\/\">Quality, speed, reliability: the recipe for a successful order in the oil industry<\/a><\/li>\n\t\t<li class=\"wsp-post\"><a href=\"https:\/\/aec-energyservices.com\/en\/abb-cell-audit-multi-site-mission-for-an-oil-industry-player-in-gabon\/\">ABB Switchgear Audit: Multi-Site Mission for an Oil &#038; Gas Operator in Gabon<\/a><\/li>\n\t\t<li class=\"wsp-post\"><a href=\"https:\/\/aec-energyservices.com\/audit-de-cellules-abb-mission-multisite-pour-un-acteur-petrolier-au-gabon\/\">Audit de cellules ABB : Mission multisite pour un acteur p\u00e9trolier au Gabon<\/a><\/li>\n\t\t<li class=\"wsp-post\"><a href=\"https:\/\/aec-energyservices.com\/en\/lightning-audit-in-west-africa-securing-industrial-infrastructures-with-expertise\/\">Lightning audit in West Africa: Securing industrial infrastructures with expertise.<\/a><\/li>\n\t\t<li class=\"wsp-post\"><a href=\"https:\/\/aec-energyservices.com\/audit-foudre-en-afrique-de-louest-securiser-les-infrastructures-industrielles-avec-expertise\/\">Audit foudre en Afrique de l\u2019Ouest : S\u00e9curiser les infrastructures industrielles avec expertise<\/a><\/li>\n<\/ul><\/li>\n<\/ul>\n<\/div><div class=\"wsp-container\"><h2 class=\"wsp-offre-demplois-title\">Offres d&#039;emploi<\/h2>\n<ul class=\"wsp-offre-demplois-list\">\n<li><a href=\"https:\/\/aec-energyservices.com\/en\/offre-demploi\/field-sales-expert-m-f\/\">FIELD SALES EXPERT M\/F<\/a><\/li>\n<li><a href=\"https:\/\/aec-energyservices.com\/en\/offre-demploi\/project-manager-design-and-costing-m-f\/\">PROJECT MANAGER (DESIGN AND COSTING) M\/F<\/a><\/li>\n<\/ul>\n<\/div><div class=\"wsp-container\"><h2 class=\"wsp-projects-title\">R\u00e9alisations<\/h2>\n<ul class=\"wsp-projects-list\">\n<li><a href=\"https:\/\/aec-energyservices.com\/en\/realisation\/transformers-maurel-prom\/\">Transformers<\/a><\/li>\n<\/ul>\n<\/div><\/p>\n","protected":false},"author":1,"featured_media":1068,"parent":0,"menu_order":27,"comment_status":"closed","ping_status":"closed","template":"","meta":{"_acf_changed":false,"_et_pb_use_builder":"on","_et_pb_old_content":"","_et_gb_content_width":"","footnotes":""},"class_list":["post-1130","page","type-page","status-publish","has-post-thumbnail","hentry"],"acf":[],"yoast_head":"<!-- This site is optimized with the Yoast SEO plugin v27.0 - https:\/\/yoast.com\/product\/yoast-seo-wordpress\/ -->\n<title>Site map - AEC Energy Services<\/title>\n<meta name=\"robots\" content=\"index, follow, max-snippet:-1, max-image-preview:large, max-video-preview:-1\" \/>\n<link rel=\"canonical\" href=\"https:\/\/aec-energyservices.com\/en\/site-map\/\" \/>\n<meta property=\"og:locale\" content=\"en_US\" \/>\n<meta property=\"og:type\" content=\"article\" \/>\n<meta property=\"og:title\" content=\"Site map - AEC Energy Services\" \/>\n<meta property=\"og:url\" content=\"https:\/\/aec-energyservices.com\/en\/site-map\/\" \/>\n<meta property=\"og:site_name\" content=\"AEC Energy Services\" \/>\n<meta property=\"article:modified_time\" content=\"2025-05-02T09:16:37+00:00\" \/>\n<meta property=\"og:image\" content=\"https:\/\/aec-energyservices.com\/wp-content\/uploads\/2025\/04\/banniere-nos-references.jpg\" \/>\n\t<meta property=\"og:image:width\" content=\"1920\" \/>\n\t<meta property=\"og:image:height\" content=\"328\" \/>\n\t<meta property=\"og:image:type\" content=\"image\/jpeg\" \/>\n<meta name=\"twitter:card\" content=\"summary_large_image\" \/>\n<meta name=\"twitter:label1\" content=\"Est. reading time\" \/>\n\t<meta name=\"twitter:data1\" content=\"1 minute\" \/>\n<script type=\"application\/ld+json\" class=\"yoast-schema-graph\">{\"@context\":\"https:\/\/schema.org\",\"@graph\":[{\"@type\":\"WebPage\",\"@id\":\"https:\/\/aec-energyservices.com\/en\/site-map\/\",\"url\":\"https:\/\/aec-energyservices.com\/en\/site-map\/\",\"name\":\"Site map - AEC Energy Services\",\"isPartOf\":{\"@id\":\"https:\/\/aec-energyservices.com\/en\/#website\"},\"primaryImageOfPage\":{\"@id\":\"https:\/\/aec-energyservices.com\/en\/site-map\/#primaryimage\"},\"image\":{\"@id\":\"https:\/\/aec-energyservices.com\/en\/site-map\/#primaryimage\"},\"thumbnailUrl\":\"https:\/\/aec-energyservices.com\/wp-content\/uploads\/2025\/04\/banniere-nos-references.jpg\",\"datePublished\":\"2025-05-01T12:00:42+00:00\",\"dateModified\":\"2025-05-02T09:16:37+00:00\",\"breadcrumb\":{\"@id\":\"https:\/\/aec-energyservices.com\/en\/site-map\/#breadcrumb\"},\"inLanguage\":\"en-US\",\"potentialAction\":[{\"@type\":\"ReadAction\",\"target\":[\"https:\/\/aec-energyservices.com\/en\/site-map\/\"]}]},{\"@type\":\"ImageObject\",\"inLanguage\":\"en-US\",\"@id\":\"https:\/\/aec-energyservices.com\/en\/site-map\/#primaryimage\",\"url\":\"https:\/\/aec-energyservices.com\/wp-content\/uploads\/2025\/04\/banniere-nos-references.jpg\",\"contentUrl\":\"https:\/\/aec-energyservices.com\/wp-content\/uploads\/2025\/04\/banniere-nos-references.jpg\",\"width\":1920,\"height\":328,\"caption\":\"Customer references and projects carried out by AEC Energy Services in the industrial sector\"},{\"@type\":\"BreadcrumbList\",\"@id\":\"https:\/\/aec-energyservices.com\/en\/site-map\/#breadcrumb\",\"itemListElement\":[{\"@type\":\"ListItem\",\"position\":1,\"name\":\"Accueil\",\"item\":\"https:\/\/aec-energyservices.com\/en\/\"},{\"@type\":\"ListItem\",\"position\":2,\"name\":\"Site map\"}]},{\"@type\":\"WebSite\",\"@id\":\"https:\/\/aec-energyservices.com\/en\/#website\",\"url\":\"https:\/\/aec-energyservices.com\/en\/\",\"name\":\"AEC Energy Services\",\"description\":\"Sp\u00e9cialiste en \u00e9lectricit\u00e9 industrielle - HT \/ BT\",\"publisher\":{\"@id\":\"https:\/\/aec-energyservices.com\/en\/#organization\"},\"alternateName\":\"AEC\",\"potentialAction\":[{\"@type\":\"SearchAction\",\"target\":{\"@type\":\"EntryPoint\",\"urlTemplate\":\"https:\/\/aec-energyservices.com\/en\/?s={search_term_string}\"},\"query-input\":{\"@type\":\"PropertyValueSpecification\",\"valueRequired\":true,\"valueName\":\"search_term_string\"}}],\"inLanguage\":\"en-US\"},{\"@type\":\"Organization\",\"@id\":\"https:\/\/aec-energyservices.com\/en\/#organization\",\"name\":\"AEC Energy Services\",\"alternateName\":\"AEC\",\"url\":\"https:\/\/aec-energyservices.com\/en\/\",\"logo\":{\"@type\":\"ImageObject\",\"inLanguage\":\"en-US\",\"@id\":\"https:\/\/aec-energyservices.com\/en\/#\/schema\/logo\/image\/\",\"url\":\"https:\/\/aec-energyservices.com\/wp-content\/uploads\/2025\/03\/Logo-AEC-couleurs.svg\",\"contentUrl\":\"https:\/\/aec-energyservices.com\/wp-content\/uploads\/2025\/03\/Logo-AEC-couleurs.svg\",\"width\":1,\"height\":1,\"caption\":\"AEC Energy Services\"},\"image\":{\"@id\":\"https:\/\/aec-energyservices.com\/en\/#\/schema\/logo\/image\/\"},\"sameAs\":[\"https:\/\/www.linkedin.com\/company\/aec-energy-services\/\"]}]}<\/script>\n<!-- \/ Yoast SEO plugin. -->","yoast_head_json":{"title":"Site map - AEC Energy Services","robots":{"index":"index","follow":"follow","max-snippet":"max-snippet:-1","max-image-preview":"max-image-preview:large","max-video-preview":"max-video-preview:-1"},"canonical":"https:\/\/aec-energyservices.com\/en\/site-map\/","og_locale":"en_US","og_type":"article","og_title":"Site map - AEC Energy Services","og_url":"https:\/\/aec-energyservices.com\/en\/site-map\/","og_site_name":"AEC Energy Services","article_modified_time":"2025-05-02T09:16:37+00:00","og_image":[{"width":1920,"height":328,"url":"https:\/\/aec-energyservices.com\/wp-content\/uploads\/2025\/04\/banniere-nos-references.jpg","type":"image\/jpeg"}],"twitter_card":"summary_large_image","twitter_misc":{"Est. reading time":"1 minute"},"schema":{"@context":"https:\/\/schema.org","@graph":[{"@type":"WebPage","@id":"https:\/\/aec-energyservices.com\/en\/site-map\/","url":"https:\/\/aec-energyservices.com\/en\/site-map\/","name":"Site map - AEC Energy Services","isPartOf":{"@id":"https:\/\/aec-energyservices.com\/en\/#website"},"primaryImageOfPage":{"@id":"https:\/\/aec-energyservices.com\/en\/site-map\/#primaryimage"},"image":{"@id":"https:\/\/aec-energyservices.com\/en\/site-map\/#primaryimage"},"thumbnailUrl":"https:\/\/aec-energyservices.com\/wp-content\/uploads\/2025\/04\/banniere-nos-references.jpg","datePublished":"2025-05-01T12:00:42+00:00","dateModified":"2025-05-02T09:16:37+00:00","breadcrumb":{"@id":"https:\/\/aec-energyservices.com\/en\/site-map\/#breadcrumb"},"inLanguage":"en-US","potentialAction":[{"@type":"ReadAction","target":["https:\/\/aec-energyservices.com\/en\/site-map\/"]}]},{"@type":"ImageObject","inLanguage":"en-US","@id":"https:\/\/aec-energyservices.com\/en\/site-map\/#primaryimage","url":"https:\/\/aec-energyservices.com\/wp-content\/uploads\/2025\/04\/banniere-nos-references.jpg","contentUrl":"https:\/\/aec-energyservices.com\/wp-content\/uploads\/2025\/04\/banniere-nos-references.jpg","width":1920,"height":328,"caption":"Customer references and projects carried out by AEC Energy Services in the industrial sector"},{"@type":"BreadcrumbList","@id":"https:\/\/aec-energyservices.com\/en\/site-map\/#breadcrumb","itemListElement":[{"@type":"ListItem","position":1,"name":"Accueil","item":"https:\/\/aec-energyservices.com\/en\/"},{"@type":"ListItem","position":2,"name":"Site map"}]},{"@type":"WebSite","@id":"https:\/\/aec-energyservices.com\/en\/#website","url":"https:\/\/aec-energyservices.com\/en\/","name":"AEC Energy Services","description":"Sp\u00e9cialiste en \u00e9lectricit\u00e9 industrielle - HT \/ BT","publisher":{"@id":"https:\/\/aec-energyservices.com\/en\/#organization"},"alternateName":"AEC","potentialAction":[{"@type":"SearchAction","target":{"@type":"EntryPoint","urlTemplate":"https:\/\/aec-energyservices.com\/en\/?s={search_term_string}"},"query-input":{"@type":"PropertyValueSpecification","valueRequired":true,"valueName":"search_term_string"}}],"inLanguage":"en-US"},{"@type":"Organization","@id":"https:\/\/aec-energyservices.com\/en\/#organization","name":"AEC Energy Services","alternateName":"AEC","url":"https:\/\/aec-energyservices.com\/en\/","logo":{"@type":"ImageObject","inLanguage":"en-US","@id":"https:\/\/aec-energyservices.com\/en\/#\/schema\/logo\/image\/","url":"https:\/\/aec-energyservices.com\/wp-content\/uploads\/2025\/03\/Logo-AEC-couleurs.svg","contentUrl":"https:\/\/aec-energyservices.com\/wp-content\/uploads\/2025\/03\/Logo-AEC-couleurs.svg","width":1,"height":1,"caption":"AEC Energy Services"},"image":{"@id":"https:\/\/aec-energyservices.com\/en\/#\/schema\/logo\/image\/"},"sameAs":["https:\/\/www.linkedin.com\/company\/aec-energy-services\/"]}]}},"_links":{"self":[{"href":"https:\/\/aec-energyservices.com\/en\/wp-json\/wp\/v2\/pages\/1130","targetHints":{"allow":["GET"]}}],"collection":[{"href":"https:\/\/aec-energyservices.com\/en\/wp-json\/wp\/v2\/pages"}],"about":[{"href":"https:\/\/aec-energyservices.com\/en\/wp-json\/wp\/v2\/types\/page"}],"author":[{"embeddable":true,"href":"https:\/\/aec-energyservices.com\/en\/wp-json\/wp\/v2\/users\/1"}],"replies":[{"embeddable":true,"href":"https:\/\/aec-energyservices.com\/en\/wp-json\/wp\/v2\/comments?post=1130"}],"version-history":[{"count":3,"href":"https:\/\/aec-energyservices.com\/en\/wp-json\/wp\/v2\/pages\/1130\/revisions"}],"predecessor-version":[{"id":1332,"href":"https:\/\/aec-energyservices.com\/en\/wp-json\/wp\/v2\/pages\/1130\/revisions\/1332"}],"wp:featuredmedia":[{"embeddable":true,"href":"https:\/\/aec-energyservices.com\/en\/wp-json\/wp\/v2\/media\/1068"}],"wp:attachment":[{"href":"https:\/\/aec-energyservices.com\/en\/wp-json\/wp\/v2\/media?parent=1130"}],"curies":[{"name":"wp","href":"https:\/\/api.w.org\/{rel}","templated":true}]}}